{"id":100,"date":"2016-02-16T14:42:52","date_gmt":"2016-02-16T14:42:52","guid":{"rendered":"http:\/\/demo.athemes.com\/astrid\/?page_id=100"},"modified":"2016-08-05T09:19:39","modified_gmt":"2016-08-05T09:19:39","slug":"simulador-de-conducao-de-motocicleta","status":"publish","type":"page","link":"https:\/\/www.aluguerdesimuladores.com\/blog\/simulador-de-conducao-de-motocicleta\/","title":{"rendered":"Simulador de condu\u00e7\u00e3o de motocicleta"},"content":{"rendered":"<p align=\"justify\"><strong>Simulador de condu\u00e7\u00e3o de motocicleta HONDA RIDING TRAINER<\/strong><\/p>\n<p align=\"justify\">Muito apropriado para escolas de condu\u00e7\u00e3o, centros de forma\u00e7\u00e3o playgrounds de tr\u00e2nsito, etc<\/p>\n<p align=\"justify\">Gra\u00e7as a este simulador sofisticado, os usu\u00e1rios podem se divertir enquanto aprende as manobras b\u00e1sicas de uma motocicleta e regras de tr\u00e2nsito.<\/p>\n<p align=\"justify\">Medidas: 160 cent\u00edmetros de largura e 57 cent\u00edmetros de longo.<\/p>\n","protected":false},"excerpt":{"rendered":"<p>Simulador de condu\u00e7\u00e3o de motocicleta HONDA RIDING TRAINER Muito apropriado para escolas de condu\u00e7\u00e3o, centros de forma\u00e7\u00e3o playgrounds de tr\u00e2nsito, etc Gra\u00e7as a este simulador sofisticado, os usu\u00e1rios podem se divertir enquanto aprende as manobras b\u00e1sicas de uma motocicleta e [&hellip;]<\/p>\n","protected":false},"author":1,"featured_media":1605,"parent":0,"menu_order":4,"comment_status":"closed","ping_status":"closed","template":"page-templates\/single-project.php","meta":{"_monsterinsights_skip_tracking":false,"_monsterinsights_sitenote_active":false,"_monsterinsights_sitenote_note":"","_monsterinsights_sitenote_category":0,"footnotes":""},"yoast_head":"<!-- This site is optimized with the Yoast SEO plugin v21.7 - https:\/\/yoast.com\/wordpress\/plugins\/seo\/ -->\n<title>Simulador de condu\u00e7\u00e3o de motocicleta - Aluguer de Simuladores de condu\u00e7\u00e3o e de v\u00f4o<\/title>\n<meta name=\"description\" content=\"Simulador de moto HONDA RIDING TRAINER, muy apropiado para autoescuelas, centros de formaci\u00f3n vial, parques infantiles de tr\u00e1fico, etc.\" \/>\n<meta name=\"robots\" content=\"index, follow, max-snippet:-1, max-image-preview:large, max-video-preview:-1\" \/>\n<link rel=\"canonical\" href=\"https:\/\/www.aluguerdesimuladores.com\/blog\/simulador-de-conducao-de-motocicleta\/\" \/>\n<meta property=\"og:locale\" content=\"es_ES\" \/>\n<meta property=\"og:type\" content=\"article\" \/>\n<meta property=\"og:title\" content=\"Simulador de condu\u00e7\u00e3o de motocicleta - Aluguer de Simuladores de condu\u00e7\u00e3o e de v\u00f4o\" \/>\n<meta property=\"og:description\" content=\"Simulador de moto HONDA RIDING TRAINER, muy apropiado para autoescuelas, centros de formaci\u00f3n vial, parques infantiles de tr\u00e1fico, etc.\" \/>\n<meta property=\"og:url\" content=\"https:\/\/www.aluguerdesimuladores.com\/blog\/simulador-de-conducao-de-motocicleta\/\" \/>\n<meta property=\"og:site_name\" content=\"Aluguer de Simuladores de condu\u00e7\u00e3o e de v\u00f4o\" \/>\n<meta property=\"article:modified_time\" content=\"2016-08-05T09:19:39+00:00\" \/>\n<meta property=\"og:image\" content=\"https:\/\/www.aluguerdesimuladores.com\/blog\/wp-content\/uploads\/simulador-de-moto.jpg\" \/>\n\t<meta property=\"og:image:width\" content=\"800\" \/>\n\t<meta property=\"og:image:height\" content=\"497\" \/>\n\t<meta property=\"og:image:type\" content=\"image\/jpeg\" \/>\n<meta name=\"twitter:card\" content=\"summary_large_image\" \/>\n<script type=\"application\/ld+json\" class=\"yoast-schema-graph\">{\"@context\":\"https:\/\/schema.org\",\"@graph\":[{\"@type\":\"WebPage\",\"@id\":\"https:\/\/www.aluguerdesimuladores.com\/blog\/simulador-de-conducao-de-motocicleta\/\",\"url\":\"https:\/\/www.aluguerdesimuladores.com\/blog\/simulador-de-conducao-de-motocicleta\/\",\"name\":\"Simulador de condu\u00e7\u00e3o de motocicleta - Aluguer de Simuladores de condu\u00e7\u00e3o e de v\u00f4o\",\"isPartOf\":{\"@id\":\"https:\/\/www.aluguerdesimuladores.com\/blog\/#website\"},\"datePublished\":\"2016-02-16T14:42:52+00:00\",\"dateModified\":\"2016-08-05T09:19:39+00:00\",\"description\":\"Simulador de moto HONDA RIDING TRAINER, muy apropiado para autoescuelas, centros de formaci\u00f3n vial, parques infantiles de tr\u00e1fico, etc.\",\"breadcrumb\":{\"@id\":\"https:\/\/www.aluguerdesimuladores.com\/blog\/simulador-de-conducao-de-motocicleta\/#breadcrumb\"},\"inLanguage\":\"es\",\"potentialAction\":[{\"@type\":\"ReadAction\",\"target\":[\"https:\/\/www.aluguerdesimuladores.com\/blog\/simulador-de-conducao-de-motocicleta\/\"]}]},{\"@type\":\"BreadcrumbList\",\"@id\":\"https:\/\/www.aluguerdesimuladores.com\/blog\/simulador-de-conducao-de-motocicleta\/#breadcrumb\",\"itemListElement\":[{\"@type\":\"ListItem\",\"position\":1,\"name\":\"Portada\",\"item\":\"https:\/\/www.aluguerdesimuladores.com\/blog\/\"},{\"@type\":\"ListItem\",\"position\":2,\"name\":\"Simulador de condu\u00e7\u00e3o de motocicleta\"}]},{\"@type\":\"WebSite\",\"@id\":\"https:\/\/www.aluguerdesimuladores.com\/blog\/#website\",\"url\":\"https:\/\/www.aluguerdesimuladores.com\/blog\/\",\"name\":\"Aluguer de Simuladores de condu\u00e7\u00e3o e de v\u00f4o\",\"description\":\"Aluguer de Simuladores de condu\u00e7\u00e3o\",\"potentialAction\":[{\"@type\":\"SearchAction\",\"target\":{\"@type\":\"EntryPoint\",\"urlTemplate\":\"https:\/\/www.aluguerdesimuladores.com\/blog\/?s={search_term_string}\"},\"query-input\":\"required name=search_term_string\"}],\"inLanguage\":\"es\"}]}<\/script>\n<!-- \/ Yoast SEO plugin. -->","yoast_head_json":{"title":"Simulador de condu\u00e7\u00e3o de motocicleta - Aluguer de Simuladores de condu\u00e7\u00e3o e de v\u00f4o","description":"Simulador de moto HONDA RIDING TRAINER, muy apropiado para autoescuelas, centros de formaci\u00f3n vial, parques infantiles de tr\u00e1fico, etc.","robots":{"index":"index","follow":"follow","max-snippet":"max-snippet:-1","max-image-preview":"max-image-preview:large","max-video-preview":"max-video-preview:-1"},"canonical":"https:\/\/www.aluguerdesimuladores.com\/blog\/simulador-de-conducao-de-motocicleta\/","og_locale":"es_ES","og_type":"article","og_title":"Simulador de condu\u00e7\u00e3o de motocicleta - Aluguer de Simuladores de condu\u00e7\u00e3o e de v\u00f4o","og_description":"Simulador de moto HONDA RIDING TRAINER, muy apropiado para autoescuelas, centros de formaci\u00f3n vial, parques infantiles de tr\u00e1fico, etc.","og_url":"https:\/\/www.aluguerdesimuladores.com\/blog\/simulador-de-conducao-de-motocicleta\/","og_site_name":"Aluguer de Simuladores de condu\u00e7\u00e3o e de v\u00f4o","article_modified_time":"2016-08-05T09:19:39+00:00","og_image":[{"width":800,"height":497,"url":"https:\/\/www.aluguerdesimuladores.com\/blog\/wp-content\/uploads\/simulador-de-moto.jpg","type":"image\/jpeg"}],"twitter_card":"summary_large_image","schema":{"@context":"https:\/\/schema.org","@graph":[{"@type":"WebPage","@id":"https:\/\/www.aluguerdesimuladores.com\/blog\/simulador-de-conducao-de-motocicleta\/","url":"https:\/\/www.aluguerdesimuladores.com\/blog\/simulador-de-conducao-de-motocicleta\/","name":"Simulador de condu\u00e7\u00e3o de motocicleta - Aluguer de Simuladores de condu\u00e7\u00e3o e de v\u00f4o","isPartOf":{"@id":"https:\/\/www.aluguerdesimuladores.com\/blog\/#website"},"datePublished":"2016-02-16T14:42:52+00:00","dateModified":"2016-08-05T09:19:39+00:00","description":"Simulador de moto HONDA RIDING TRAINER, muy apropiado para autoescuelas, centros de formaci\u00f3n vial, parques infantiles de tr\u00e1fico, etc.","breadcrumb":{"@id":"https:\/\/www.aluguerdesimuladores.com\/blog\/simulador-de-conducao-de-motocicleta\/#breadcrumb"},"inLanguage":"es","potentialAction":[{"@type":"ReadAction","target":["https:\/\/www.aluguerdesimuladores.com\/blog\/simulador-de-conducao-de-motocicleta\/"]}]},{"@type":"BreadcrumbList","@id":"https:\/\/www.aluguerdesimuladores.com\/blog\/simulador-de-conducao-de-motocicleta\/#breadcrumb","itemListElement":[{"@type":"ListItem","position":1,"name":"Portada","item":"https:\/\/www.aluguerdesimuladores.com\/blog\/"},{"@type":"ListItem","position":2,"name":"Simulador de condu\u00e7\u00e3o de motocicleta"}]},{"@type":"WebSite","@id":"https:\/\/www.aluguerdesimuladores.com\/blog\/#website","url":"https:\/\/www.aluguerdesimuladores.com\/blog\/","name":"Aluguer de Simuladores de condu\u00e7\u00e3o e de v\u00f4o","description":"Aluguer de Simuladores de condu\u00e7\u00e3o","potentialAction":[{"@type":"SearchAction","target":{"@type":"EntryPoint","urlTemplate":"https:\/\/www.aluguerdesimuladores.com\/blog\/?s={search_term_string}"},"query-input":"required name=search_term_string"}],"inLanguage":"es"}]}},"_links":{"self":[{"href":"https:\/\/www.aluguerdesimuladores.com\/blog\/wp-json\/wp\/v2\/pages\/100"}],"collection":[{"href":"https:\/\/www.aluguerdesimuladores.com\/blog\/wp-json\/wp\/v2\/pages"}],"about":[{"href":"https:\/\/www.aluguerdesimuladores.com\/blog\/wp-json\/wp\/v2\/types\/page"}],"author":[{"embeddable":true,"href":"https:\/\/www.aluguerdesimuladores.com\/blog\/wp-json\/wp\/v2\/users\/1"}],"replies":[{"embeddable":true,"href":"https:\/\/www.aluguerdesimuladores.com\/blog\/wp-json\/wp\/v2\/comments?post=100"}],"version-history":[{"count":1,"href":"https:\/\/www.aluguerdesimuladores.com\/blog\/wp-json\/wp\/v2\/pages\/100\/revisions"}],"predecessor-version":[{"id":1696,"href":"https:\/\/www.aluguerdesimuladores.com\/blog\/wp-json\/wp\/v2\/pages\/100\/revisions\/1696"}],"wp:featuredmedia":[{"embeddable":true,"href":"https:\/\/www.aluguerdesimuladores.com\/blog\/wp-json\/wp\/v2\/media\/1605"}],"wp:attachment":[{"href":"https:\/\/www.aluguerdesimuladores.com\/blog\/wp-json\/wp\/v2\/media?parent=100"}],"curies":[{"name":"wp","href":"https:\/\/api.w.org\/{rel}","templated":true}]}}