{"id":120,"date":"2016-02-16T15:09:28","date_gmt":"2016-02-16T15:09:28","guid":{"rendered":"http:\/\/demo.athemes.com\/astrid\/?page_id=120"},"modified":"2016-08-05T09:19:06","modified_gmt":"2016-08-05T09:19:06","slug":"simulador-de-carro-de-corrida-300rc","status":"publish","type":"page","link":"https:\/\/www.aluguerdesimuladores.com\/blog\/simulador-de-carro-de-corrida-300rc\/","title":{"rendered":"Simulador de carro de corrida 300RC"},"content":{"rendered":"<p align=\"justify\"><strong>Cockpit DRIVE SEAT 300 RC + Assento INDY + Volante G27<\/strong><\/p>\n<p align=\"justify\">Simulador tipo <em>racing. <\/em>Pode mudar ao assento para alcan\u00e7ar ao n\u00edvel do solo.. Para salas de eventos, exposi\u00e7\u00f5es de entretenimento, ou recrea\u00e7\u00e3o, etc.<\/p>\n<p align=\"justify\">Tamb\u00e9m \u00e9 poss\u00edvel ajustar a dist\u00e2ncia a que os pedais, posi\u00e7\u00e3o do assento e da altura e dist\u00e2ncia do volante, de maneira simples.<\/p>\n<p align=\"justify\">Medidas. Comprimento: 90-150 cm, Largura (com suporte de atualiza\u00e7\u00f5es): 68 cm Peso (sem assento ou perif\u00e9rico): 17 kg.<\/p>\n","protected":false},"excerpt":{"rendered":"<p>Cockpit DRIVE SEAT 300 RC + Assento INDY + Volante G27 Simulador tipo racing. Pode mudar ao assento para alcan\u00e7ar ao n\u00edvel do solo.. Para salas de eventos, exposi\u00e7\u00f5es de entretenimento, ou recrea\u00e7\u00e3o, etc. Tamb\u00e9m \u00e9 poss\u00edvel ajustar a dist\u00e2ncia [&hellip;]<\/p>\n","protected":false},"author":1,"featured_media":1610,"parent":0,"menu_order":3,"comment_status":"closed","ping_status":"closed","template":"page-templates\/single-project.php","meta":{"_monsterinsights_skip_tracking":false,"_monsterinsights_sitenote_active":false,"_monsterinsights_sitenote_note":"","_monsterinsights_sitenote_category":0,"footnotes":""},"yoast_head":"<!-- This site is optimized with the Yoast SEO plugin v21.7 - https:\/\/yoast.com\/wordpress\/plugins\/seo\/ -->\n<title>Simulador de carro de corrida 300RC - Aluguer de Simuladores de condu\u00e7\u00e3o e de v\u00f4o<\/title>\n<meta name=\"robots\" content=\"index, follow, max-snippet:-1, max-image-preview:large, max-video-preview:-1\" \/>\n<link rel=\"canonical\" href=\"https:\/\/www.aluguerdesimuladores.com\/blog\/simulador-de-carro-de-corrida-300rc\/\" \/>\n<meta property=\"og:locale\" content=\"es_ES\" \/>\n<meta property=\"og:type\" content=\"article\" \/>\n<meta property=\"og:title\" content=\"Simulador de carro de corrida 300RC - Aluguer de Simuladores de condu\u00e7\u00e3o e de v\u00f4o\" \/>\n<meta property=\"og:description\" content=\"Cockpit DRIVE SEAT 300 RC + Assento INDY + Volante G27 Simulador tipo racing. Pode mudar ao assento para alcan\u00e7ar ao n\u00edvel do solo.. Para salas de eventos, exposi\u00e7\u00f5es de entretenimento, ou recrea\u00e7\u00e3o, etc. Tamb\u00e9m \u00e9 poss\u00edvel ajustar a dist\u00e2ncia [&hellip;]\" \/>\n<meta property=\"og:url\" content=\"https:\/\/www.aluguerdesimuladores.com\/blog\/simulador-de-carro-de-corrida-300rc\/\" \/>\n<meta property=\"og:site_name\" content=\"Aluguer de Simuladores de condu\u00e7\u00e3o e de v\u00f4o\" \/>\n<meta property=\"article:modified_time\" content=\"2016-08-05T09:19:06+00:00\" \/>\n<meta property=\"og:image\" content=\"https:\/\/www.aluguerdesimuladores.com\/blog\/wp-content\/uploads\/simulador-de-coche-de-carreras-300rc.jpg\" \/>\n\t<meta property=\"og:image:width\" content=\"800\" \/>\n\t<meta property=\"og:image:height\" content=\"497\" \/>\n\t<meta property=\"og:image:type\" content=\"image\/jpeg\" \/>\n<meta name=\"twitter:card\" content=\"summary_large_image\" \/>\n<script type=\"application\/ld+json\" class=\"yoast-schema-graph\">{\"@context\":\"https:\/\/schema.org\",\"@graph\":[{\"@type\":\"WebPage\",\"@id\":\"https:\/\/www.aluguerdesimuladores.com\/blog\/simulador-de-carro-de-corrida-300rc\/\",\"url\":\"https:\/\/www.aluguerdesimuladores.com\/blog\/simulador-de-carro-de-corrida-300rc\/\",\"name\":\"Simulador de carro de corrida 300RC - Aluguer de Simuladores de condu\u00e7\u00e3o e de v\u00f4o\",\"isPartOf\":{\"@id\":\"https:\/\/www.aluguerdesimuladores.com\/blog\/#website\"},\"datePublished\":\"2016-02-16T15:09:28+00:00\",\"dateModified\":\"2016-08-05T09:19:06+00:00\",\"breadcrumb\":{\"@id\":\"https:\/\/www.aluguerdesimuladores.com\/blog\/simulador-de-carro-de-corrida-300rc\/#breadcrumb\"},\"inLanguage\":\"es\",\"potentialAction\":[{\"@type\":\"ReadAction\",\"target\":[\"https:\/\/www.aluguerdesimuladores.com\/blog\/simulador-de-carro-de-corrida-300rc\/\"]}]},{\"@type\":\"BreadcrumbList\",\"@id\":\"https:\/\/www.aluguerdesimuladores.com\/blog\/simulador-de-carro-de-corrida-300rc\/#breadcrumb\",\"itemListElement\":[{\"@type\":\"ListItem\",\"position\":1,\"name\":\"Portada\",\"item\":\"https:\/\/www.aluguerdesimuladores.com\/blog\/\"},{\"@type\":\"ListItem\",\"position\":2,\"name\":\"Simulador de carro de corrida 300RC\"}]},{\"@type\":\"WebSite\",\"@id\":\"https:\/\/www.aluguerdesimuladores.com\/blog\/#website\",\"url\":\"https:\/\/www.aluguerdesimuladores.com\/blog\/\",\"name\":\"Aluguer de Simuladores de condu\u00e7\u00e3o e de v\u00f4o\",\"description\":\"Aluguer de Simuladores de condu\u00e7\u00e3o\",\"potentialAction\":[{\"@type\":\"SearchAction\",\"target\":{\"@type\":\"EntryPoint\",\"urlTemplate\":\"https:\/\/www.aluguerdesimuladores.com\/blog\/?s={search_term_string}\"},\"query-input\":\"required name=search_term_string\"}],\"inLanguage\":\"es\"}]}<\/script>\n<!-- \/ Yoast SEO plugin. -->","yoast_head_json":{"title":"Simulador de carro de corrida 300RC - Aluguer de Simuladores de condu\u00e7\u00e3o e de v\u00f4o","robots":{"index":"index","follow":"follow","max-snippet":"max-snippet:-1","max-image-preview":"max-image-preview:large","max-video-preview":"max-video-preview:-1"},"canonical":"https:\/\/www.aluguerdesimuladores.com\/blog\/simulador-de-carro-de-corrida-300rc\/","og_locale":"es_ES","og_type":"article","og_title":"Simulador de carro de corrida 300RC - Aluguer de Simuladores de condu\u00e7\u00e3o e de v\u00f4o","og_description":"Cockpit DRIVE SEAT 300 RC + Assento INDY + Volante G27 Simulador tipo racing. Pode mudar ao assento para alcan\u00e7ar ao n\u00edvel do solo.. Para salas de eventos, exposi\u00e7\u00f5es de entretenimento, ou recrea\u00e7\u00e3o, etc. Tamb\u00e9m \u00e9 poss\u00edvel ajustar a dist\u00e2ncia [&hellip;]","og_url":"https:\/\/www.aluguerdesimuladores.com\/blog\/simulador-de-carro-de-corrida-300rc\/","og_site_name":"Aluguer de Simuladores de condu\u00e7\u00e3o e de v\u00f4o","article_modified_time":"2016-08-05T09:19:06+00:00","og_image":[{"width":800,"height":497,"url":"https:\/\/www.aluguerdesimuladores.com\/blog\/wp-content\/uploads\/simulador-de-coche-de-carreras-300rc.jpg","type":"image\/jpeg"}],"twitter_card":"summary_large_image","schema":{"@context":"https:\/\/schema.org","@graph":[{"@type":"WebPage","@id":"https:\/\/www.aluguerdesimuladores.com\/blog\/simulador-de-carro-de-corrida-300rc\/","url":"https:\/\/www.aluguerdesimuladores.com\/blog\/simulador-de-carro-de-corrida-300rc\/","name":"Simulador de carro de corrida 300RC - Aluguer de Simuladores de condu\u00e7\u00e3o e de v\u00f4o","isPartOf":{"@id":"https:\/\/www.aluguerdesimuladores.com\/blog\/#website"},"datePublished":"2016-02-16T15:09:28+00:00","dateModified":"2016-08-05T09:19:06+00:00","breadcrumb":{"@id":"https:\/\/www.aluguerdesimuladores.com\/blog\/simulador-de-carro-de-corrida-300rc\/#breadcrumb"},"inLanguage":"es","potentialAction":[{"@type":"ReadAction","target":["https:\/\/www.aluguerdesimuladores.com\/blog\/simulador-de-carro-de-corrida-300rc\/"]}]},{"@type":"BreadcrumbList","@id":"https:\/\/www.aluguerdesimuladores.com\/blog\/simulador-de-carro-de-corrida-300rc\/#breadcrumb","itemListElement":[{"@type":"ListItem","position":1,"name":"Portada","item":"https:\/\/www.aluguerdesimuladores.com\/blog\/"},{"@type":"ListItem","position":2,"name":"Simulador de carro de corrida 300RC"}]},{"@type":"WebSite","@id":"https:\/\/www.aluguerdesimuladores.com\/blog\/#website","url":"https:\/\/www.aluguerdesimuladores.com\/blog\/","name":"Aluguer de Simuladores de condu\u00e7\u00e3o e de v\u00f4o","description":"Aluguer de Simuladores de condu\u00e7\u00e3o","potentialAction":[{"@type":"SearchAction","target":{"@type":"EntryPoint","urlTemplate":"https:\/\/www.aluguerdesimuladores.com\/blog\/?s={search_term_string}"},"query-input":"required name=search_term_string"}],"inLanguage":"es"}]}},"_links":{"self":[{"href":"https:\/\/www.aluguerdesimuladores.com\/blog\/wp-json\/wp\/v2\/pages\/120"}],"collection":[{"href":"https:\/\/www.aluguerdesimuladores.com\/blog\/wp-json\/wp\/v2\/pages"}],"about":[{"href":"https:\/\/www.aluguerdesimuladores.com\/blog\/wp-json\/wp\/v2\/types\/page"}],"author":[{"embeddable":true,"href":"https:\/\/www.aluguerdesimuladores.com\/blog\/wp-json\/wp\/v2\/users\/1"}],"replies":[{"embeddable":true,"href":"https:\/\/www.aluguerdesimuladores.com\/blog\/wp-json\/wp\/v2\/comments?post=120"}],"version-history":[{"count":1,"href":"https:\/\/www.aluguerdesimuladores.com\/blog\/wp-json\/wp\/v2\/pages\/120\/revisions"}],"predecessor-version":[{"id":1695,"href":"https:\/\/www.aluguerdesimuladores.com\/blog\/wp-json\/wp\/v2\/pages\/120\/revisions\/1695"}],"wp:featuredmedia":[{"embeddable":true,"href":"https:\/\/www.aluguerdesimuladores.com\/blog\/wp-json\/wp\/v2\/media\/1610"}],"wp:attachment":[{"href":"https:\/\/www.aluguerdesimuladores.com\/blog\/wp-json\/wp\/v2\/media?parent=120"}],"curies":[{"name":"wp","href":"https:\/\/api.w.org\/{rel}","templated":true}]}}