{"id":1634,"date":"2016-02-16T14:43:07","date_gmt":"2016-02-16T14:43:07","guid":{"rendered":"http:\/\/demo.athemes.com\/astrid\/?page_id=102"},"modified":"2016-08-05T09:21:20","modified_gmt":"2016-08-05T09:21:20","slug":"oculos-de-simulacao-de-alcool","status":"publish","type":"page","link":"https:\/\/www.aluguerdesimuladores.com\/blog\/oculos-de-simulacao-de-alcool\/","title":{"rendered":"\u00d3culos de simula\u00e7\u00e3o de \u00e1lcool"},"content":{"rendered":"<p>Os <strong>\u00f3culos\u00a0de simula\u00e7\u00e3o\u00a0de \u00e1lcool<\/strong> s\u00e3o uma ferramenta ideal para cursos de forma\u00e7\u00e3o, eventos, condu\u00e7\u00e3o ou qualquer atividade onde voc\u00ea quer mostrar os riscos envolvidos, em qualquer \u00e1rea, o consumo de \u00e1lcool.<\/p>\n<p align=\"justify\">Estes \u00f3culos reproduzir distor\u00e7\u00e3o visual para que os usu\u00e1rios t\u00eam uma percep\u00e7\u00e3o alterada da dist\u00e2ncia e da produ\u00e7\u00e3o, e experimentar uma redu\u00e7\u00e3o da vis\u00e3o perif\u00e9rica.<\/p>\n<p align=\"justify\">Com eles, voc\u00ea pode fazer exerc\u00edcios, tais como simuladores de condu\u00e7\u00e3o, em karts, andar em linha reta, jogos de bola ou jogos para crian\u00e7as, escrever em um teclado de computador, tentar marcar um n\u00famero de telefone com o telefone e como muitos imaginam.<\/p>\n<p><strong>\u00d3culos de simula\u00e7\u00e3o de \u00e1lcool alto n\u00edvel \u2013 DRUNKBUSTERS<\/strong><\/p>\n<p>\u00d3culos de simula\u00e7\u00e3o de alto n\u00edvel de \u00e1lcool no sangue (0,8 a 1,5).<\/p>\n<p>Inclui uma bolsa de transporte de pano. Eles t\u00eam uma garantia de 3 anos.<br \/>\n<strong>\u00d3culos de simula\u00e7\u00e3o de \u00e1lcool alto n\u00edvel \u2013 vis\u00e3o noturna \u2013 DRUNK BUSTERS<\/strong><\/p>\n<p>Este modelo reproduz um alto n\u00edvel de conte\u00fado de \u00e1lcool no sangue (aproximadamente 1,0 a 1,7), em condi\u00e7\u00f5es de pouca luz. Inclui uma bolsa de transporte de pano. Eles t\u00eam uma garantia de 3 anos.<br \/>\n<strong>\u00d3culos de simula\u00e7\u00e3o de \u00e1lcool n\u00edvel baixo. \u2013 DRUNK BUSTERS<\/strong><\/p>\n<p>\u00d3culos que reproduzem aproximadamente o n\u00edvel de conte\u00fado de \u00e1lcool no sangue de 0,4 a 0,6 (de baixo n\u00edvel).<\/p>\n<p>Inclui uma bolsa de transporte de pano. Eles t\u00eam uma garantia de 3 anos.<br \/>\n<strong>\u00d3culos de simula\u00e7\u00e3o de \u00e1lcool (n\u00edvel baixo) vis\u00e3o noturna DRUNK BUSTERS<\/strong><\/p>\n<p>Estes \u00f3culos simulan uma taxa de alcoolemia entre 0,6 e 0,8 (baixo) com pouca luz.<\/p>\n<p>Inclui uma bolsa de transporte de pano. Eles t\u00eam uma garantia de 3 anos.<\/p>\n","protected":false},"excerpt":{"rendered":"<p>Os \u00f3culos\u00a0de simula\u00e7\u00e3o\u00a0de \u00e1lcool s\u00e3o uma ferramenta ideal para cursos de forma\u00e7\u00e3o, eventos, condu\u00e7\u00e3o ou qualquer atividade onde voc\u00ea quer mostrar os riscos envolvidos, em qualquer \u00e1rea, o consumo de \u00e1lcool. Estes \u00f3culos reproduzir distor\u00e7\u00e3o visual para que os usu\u00e1rios [&hellip;]<\/p>\n","protected":false},"author":1,"featured_media":1601,"parent":0,"menu_order":6,"comment_status":"closed","ping_status":"closed","template":"page-templates\/single-project.php","meta":{"_monsterinsights_skip_tracking":false,"_monsterinsights_sitenote_active":false,"_monsterinsights_sitenote_note":"","_monsterinsights_sitenote_category":0,"footnotes":""},"yoast_head":"<!-- This site is optimized with the Yoast SEO plugin v21.7 - https:\/\/yoast.com\/wordpress\/plugins\/seo\/ -->\n<title>\u00d3culos de simula\u00e7\u00e3o de \u00e1lcool - Aluguer de Simuladores de condu\u00e7\u00e3o e de v\u00f4o<\/title>\n<meta name=\"robots\" content=\"index, follow, max-snippet:-1, max-image-preview:large, max-video-preview:-1\" \/>\n<link rel=\"canonical\" href=\"https:\/\/www.aluguerdesimuladores.com\/blog\/oculos-de-simulacao-de-alcool\/\" \/>\n<meta property=\"og:locale\" content=\"es_ES\" \/>\n<meta property=\"og:type\" content=\"article\" \/>\n<meta property=\"og:title\" content=\"\u00d3culos de simula\u00e7\u00e3o de \u00e1lcool - Aluguer de Simuladores de condu\u00e7\u00e3o e de v\u00f4o\" \/>\n<meta property=\"og:description\" content=\"Os \u00f3culos\u00a0de simula\u00e7\u00e3o\u00a0de \u00e1lcool s\u00e3o uma ferramenta ideal para cursos de forma\u00e7\u00e3o, eventos, condu\u00e7\u00e3o ou qualquer atividade onde voc\u00ea quer mostrar os riscos envolvidos, em qualquer \u00e1rea, o consumo de \u00e1lcool. Estes \u00f3culos reproduzir distor\u00e7\u00e3o visual para que os usu\u00e1rios [&hellip;]\" \/>\n<meta property=\"og:url\" content=\"https:\/\/www.aluguerdesimuladores.com\/blog\/oculos-de-simulacao-de-alcool\/\" \/>\n<meta property=\"og:site_name\" content=\"Aluguer de Simuladores de condu\u00e7\u00e3o e de v\u00f4o\" \/>\n<meta property=\"article:modified_time\" content=\"2016-08-05T09:21:20+00:00\" \/>\n<meta property=\"og:image\" content=\"https:\/\/www.aluguerdesimuladores.com\/blog\/wp-content\/uploads\/gafas-de-simulacion.jpg\" \/>\n\t<meta property=\"og:image:width\" content=\"800\" \/>\n\t<meta property=\"og:image:height\" content=\"497\" \/>\n\t<meta property=\"og:image:type\" content=\"image\/jpeg\" \/>\n<meta name=\"twitter:card\" content=\"summary_large_image\" \/>\n<meta name=\"twitter:label1\" content=\"Tiempo de lectura\" \/>\n\t<meta name=\"twitter:data1\" content=\"1 minuto\" \/>\n<script type=\"application\/ld+json\" class=\"yoast-schema-graph\">{\"@context\":\"https:\/\/schema.org\",\"@graph\":[{\"@type\":\"WebPage\",\"@id\":\"https:\/\/www.aluguerdesimuladores.com\/blog\/oculos-de-simulacao-de-alcool\/\",\"url\":\"https:\/\/www.aluguerdesimuladores.com\/blog\/oculos-de-simulacao-de-alcool\/\",\"name\":\"\u00d3culos de simula\u00e7\u00e3o de \u00e1lcool - Aluguer de Simuladores de condu\u00e7\u00e3o e de v\u00f4o\",\"isPartOf\":{\"@id\":\"https:\/\/www.aluguerdesimuladores.com\/blog\/#website\"},\"datePublished\":\"2016-02-16T14:43:07+00:00\",\"dateModified\":\"2016-08-05T09:21:20+00:00\",\"breadcrumb\":{\"@id\":\"https:\/\/www.aluguerdesimuladores.com\/blog\/oculos-de-simulacao-de-alcool\/#breadcrumb\"},\"inLanguage\":\"es\",\"potentialAction\":[{\"@type\":\"ReadAction\",\"target\":[\"https:\/\/www.aluguerdesimuladores.com\/blog\/oculos-de-simulacao-de-alcool\/\"]}]},{\"@type\":\"BreadcrumbList\",\"@id\":\"https:\/\/www.aluguerdesimuladores.com\/blog\/oculos-de-simulacao-de-alcool\/#breadcrumb\",\"itemListElement\":[{\"@type\":\"ListItem\",\"position\":1,\"name\":\"Portada\",\"item\":\"https:\/\/www.aluguerdesimuladores.com\/blog\/\"},{\"@type\":\"ListItem\",\"position\":2,\"name\":\"\u00d3culos de simula\u00e7\u00e3o de \u00e1lcool\"}]},{\"@type\":\"WebSite\",\"@id\":\"https:\/\/www.aluguerdesimuladores.com\/blog\/#website\",\"url\":\"https:\/\/www.aluguerdesimuladores.com\/blog\/\",\"name\":\"Aluguer de Simuladores de condu\u00e7\u00e3o e de v\u00f4o\",\"description\":\"Aluguer de Simuladores de condu\u00e7\u00e3o\",\"potentialAction\":[{\"@type\":\"SearchAction\",\"target\":{\"@type\":\"EntryPoint\",\"urlTemplate\":\"https:\/\/www.aluguerdesimuladores.com\/blog\/?s={search_term_string}\"},\"query-input\":\"required name=search_term_string\"}],\"inLanguage\":\"es\"}]}<\/script>\n<!-- \/ Yoast SEO plugin. -->","yoast_head_json":{"title":"\u00d3culos de simula\u00e7\u00e3o de \u00e1lcool - Aluguer de Simuladores de condu\u00e7\u00e3o e de v\u00f4o","robots":{"index":"index","follow":"follow","max-snippet":"max-snippet:-1","max-image-preview":"max-image-preview:large","max-video-preview":"max-video-preview:-1"},"canonical":"https:\/\/www.aluguerdesimuladores.com\/blog\/oculos-de-simulacao-de-alcool\/","og_locale":"es_ES","og_type":"article","og_title":"\u00d3culos de simula\u00e7\u00e3o de \u00e1lcool - Aluguer de Simuladores de condu\u00e7\u00e3o e de v\u00f4o","og_description":"Os \u00f3culos\u00a0de simula\u00e7\u00e3o\u00a0de \u00e1lcool s\u00e3o uma ferramenta ideal para cursos de forma\u00e7\u00e3o, eventos, condu\u00e7\u00e3o ou qualquer atividade onde voc\u00ea quer mostrar os riscos envolvidos, em qualquer \u00e1rea, o consumo de \u00e1lcool. Estes \u00f3culos reproduzir distor\u00e7\u00e3o visual para que os usu\u00e1rios [&hellip;]","og_url":"https:\/\/www.aluguerdesimuladores.com\/blog\/oculos-de-simulacao-de-alcool\/","og_site_name":"Aluguer de Simuladores de condu\u00e7\u00e3o e de v\u00f4o","article_modified_time":"2016-08-05T09:21:20+00:00","og_image":[{"width":800,"height":497,"url":"https:\/\/www.aluguerdesimuladores.com\/blog\/wp-content\/uploads\/gafas-de-simulacion.jpg","type":"image\/jpeg"}],"twitter_card":"summary_large_image","twitter_misc":{"Tiempo de lectura":"1 minuto"},"schema":{"@context":"https:\/\/schema.org","@graph":[{"@type":"WebPage","@id":"https:\/\/www.aluguerdesimuladores.com\/blog\/oculos-de-simulacao-de-alcool\/","url":"https:\/\/www.aluguerdesimuladores.com\/blog\/oculos-de-simulacao-de-alcool\/","name":"\u00d3culos de simula\u00e7\u00e3o de \u00e1lcool - Aluguer de Simuladores de condu\u00e7\u00e3o e de v\u00f4o","isPartOf":{"@id":"https:\/\/www.aluguerdesimuladores.com\/blog\/#website"},"datePublished":"2016-02-16T14:43:07+00:00","dateModified":"2016-08-05T09:21:20+00:00","breadcrumb":{"@id":"https:\/\/www.aluguerdesimuladores.com\/blog\/oculos-de-simulacao-de-alcool\/#breadcrumb"},"inLanguage":"es","potentialAction":[{"@type":"ReadAction","target":["https:\/\/www.aluguerdesimuladores.com\/blog\/oculos-de-simulacao-de-alcool\/"]}]},{"@type":"BreadcrumbList","@id":"https:\/\/www.aluguerdesimuladores.com\/blog\/oculos-de-simulacao-de-alcool\/#breadcrumb","itemListElement":[{"@type":"ListItem","position":1,"name":"Portada","item":"https:\/\/www.aluguerdesimuladores.com\/blog\/"},{"@type":"ListItem","position":2,"name":"\u00d3culos de simula\u00e7\u00e3o de \u00e1lcool"}]},{"@type":"WebSite","@id":"https:\/\/www.aluguerdesimuladores.com\/blog\/#website","url":"https:\/\/www.aluguerdesimuladores.com\/blog\/","name":"Aluguer de Simuladores de condu\u00e7\u00e3o e de v\u00f4o","description":"Aluguer de Simuladores de condu\u00e7\u00e3o","potentialAction":[{"@type":"SearchAction","target":{"@type":"EntryPoint","urlTemplate":"https:\/\/www.aluguerdesimuladores.com\/blog\/?s={search_term_string}"},"query-input":"required name=search_term_string"}],"inLanguage":"es"}]}},"_links":{"self":[{"href":"https:\/\/www.aluguerdesimuladores.com\/blog\/wp-json\/wp\/v2\/pages\/1634"}],"collection":[{"href":"https:\/\/www.aluguerdesimuladores.com\/blog\/wp-json\/wp\/v2\/pages"}],"about":[{"href":"https:\/\/www.aluguerdesimuladores.com\/blog\/wp-json\/wp\/v2\/types\/page"}],"author":[{"embeddable":true,"href":"https:\/\/www.aluguerdesimuladores.com\/blog\/wp-json\/wp\/v2\/users\/1"}],"replies":[{"embeddable":true,"href":"https:\/\/www.aluguerdesimuladores.com\/blog\/wp-json\/wp\/v2\/comments?post=1634"}],"version-history":[{"count":1,"href":"https:\/\/www.aluguerdesimuladores.com\/blog\/wp-json\/wp\/v2\/pages\/1634\/revisions"}],"predecessor-version":[{"id":1698,"href":"https:\/\/www.aluguerdesimuladores.com\/blog\/wp-json\/wp\/v2\/pages\/1634\/revisions\/1698"}],"wp:featuredmedia":[{"embeddable":true,"href":"https:\/\/www.aluguerdesimuladores.com\/blog\/wp-json\/wp\/v2\/media\/1601"}],"wp:attachment":[{"href":"https:\/\/www.aluguerdesimuladores.com\/blog\/wp-json\/wp\/v2\/media?parent=1634"}],"curies":[{"name":"wp","href":"https:\/\/api.w.org\/{rel}","templated":true}]}}