{"id":1739,"date":"2017-06-21T16:38:51","date_gmt":"2017-06-21T16:38:51","guid":{"rendered":"http:\/\/www.aluguerdesimuladores.com\/blog\/?page_id=1739"},"modified":"2023-12-27T11:31:40","modified_gmt":"2023-12-27T11:31:40","slug":"aviso-legal","status":"publish","type":"page","link":"https:\/\/www.aluguerdesimuladores.com\/blog\/aviso-legal\/","title":{"rendered":"Aviso Legal"},"content":{"rendered":"<p><span id=\"result_box\" class=\"\" lang=\"pt\">A <span class=\"\">propriedade deste<\/span> <span class=\"\">website<\/span> <span class=\"\">corresponde a<\/span> <strong>Arisoft Editorial SA.<\/strong>, criada em <span class=\"\">Zamora<\/span> <span class=\"\">e<\/span> <strong><span class=\"\">NIF<\/span>&#8211;<\/strong><span class=\"\">A49229925<\/span><span class=\"\">.<\/span> <span class=\"\">Inscrita no registo<\/span> <span class=\"\">comercial de<\/span> <span class=\"\">Zamora (Espanha),<\/span> <span class=\"\">Volume<\/span> <span class=\"\">217,<\/span> <span class=\"\">Se\u00e7\u00e3o<\/span> <span class=\"\">0<\/span><span class=\"\">,<\/span> <span class=\"\">ZA-<\/span><span class=\"\">5030<\/span> <span class=\"\">folha.<\/span><\/span><\/p>\n<p><span id=\"result_box\" class=\"\" lang=\"pt\">Os detalhes <span class=\"\">de identifica\u00e7\u00e3o<\/span> e companhia de contato s\u00e3o os seguintes:<br \/>\n<\/span><span id=\"result_box\" class=\"\" lang=\"pt\"><br \/>\n<strong>Arisoft <span class=\"\">Editorial<\/span><\/strong> <strong>S.A.<\/strong><br \/>\n<strong>CIF<\/strong>: <span class=\"\">A49229925<\/span><\/span><br \/>\n<span id=\"result_box\" class=\"\" lang=\"pt\"><strong>Endere\u00e7o<\/strong>: Rua Pablo Morillo 10<br \/>\n<strong>Tel<\/strong>: (+34) 910 606 472<br \/>\n<span class=\"\"><strong>Mail<\/strong>:<\/span> <span class=\"\">info@drivesimsimulator.com<\/span><\/span><\/p>\n","protected":false},"excerpt":{"rendered":"<p>A propriedade deste website corresponde a Arisoft Editorial SA., criada em Zamora e NIF&#8211;A49229925. Inscrita no registo comercial de Zamora (Espanha), Volume 217, Se\u00e7\u00e3o 0, ZA-5030 folha. Os detalhes de identifica\u00e7\u00e3o e companhia de contato s\u00e3o os seguintes: Arisoft Editorial [&hellip;]<\/p>\n","protected":false},"author":1,"featured_media":0,"parent":0,"menu_order":0,"comment_status":"closed","ping_status":"closed","template":"","meta":{"_monsterinsights_skip_tracking":false,"_monsterinsights_sitenote_active":false,"_monsterinsights_sitenote_note":"","_monsterinsights_sitenote_category":0,"footnotes":""},"yoast_head":"<!-- This site is optimized with the Yoast SEO plugin v21.7 - https:\/\/yoast.com\/wordpress\/plugins\/seo\/ -->\n<title>Aviso Legal - Aluguer de Simuladores de condu\u00e7\u00e3o e de v\u00f4o<\/title>\n<meta name=\"robots\" content=\"index, follow, max-snippet:-1, max-image-preview:large, max-video-preview:-1\" \/>\n<link rel=\"canonical\" href=\"https:\/\/www.aluguerdesimuladores.com\/blog\/aviso-legal\/\" \/>\n<meta property=\"og:locale\" content=\"es_ES\" \/>\n<meta property=\"og:type\" content=\"article\" \/>\n<meta property=\"og:title\" content=\"Aviso Legal - Aluguer de Simuladores de condu\u00e7\u00e3o e de v\u00f4o\" \/>\n<meta property=\"og:description\" content=\"A propriedade deste website corresponde a Arisoft Editorial SA., criada em Zamora e NIF&#8211;A49229925. Inscrita no registo comercial de Zamora (Espanha), Volume 217, Se\u00e7\u00e3o 0, ZA-5030 folha. Os detalhes de identifica\u00e7\u00e3o e companhia de contato s\u00e3o os seguintes: Arisoft Editorial [&hellip;]\" \/>\n<meta property=\"og:url\" content=\"https:\/\/www.aluguerdesimuladores.com\/blog\/aviso-legal\/\" \/>\n<meta property=\"og:site_name\" content=\"Aluguer de Simuladores de condu\u00e7\u00e3o e de v\u00f4o\" \/>\n<meta property=\"article:modified_time\" content=\"2023-12-27T11:31:40+00:00\" \/>\n<meta name=\"twitter:card\" content=\"summary_large_image\" \/>\n<meta name=\"twitter:label1\" content=\"Tiempo de lectura\" \/>\n\t<meta name=\"twitter:data1\" content=\"1 minuto\" \/>\n<script type=\"application\/ld+json\" class=\"yoast-schema-graph\">{\"@context\":\"https:\/\/schema.org\",\"@graph\":[{\"@type\":\"WebPage\",\"@id\":\"https:\/\/www.aluguerdesimuladores.com\/blog\/aviso-legal\/\",\"url\":\"https:\/\/www.aluguerdesimuladores.com\/blog\/aviso-legal\/\",\"name\":\"Aviso Legal - Aluguer de Simuladores de condu\u00e7\u00e3o e de v\u00f4o\",\"isPartOf\":{\"@id\":\"https:\/\/www.aluguerdesimuladores.com\/blog\/#website\"},\"datePublished\":\"2017-06-21T16:38:51+00:00\",\"dateModified\":\"2023-12-27T11:31:40+00:00\",\"breadcrumb\":{\"@id\":\"https:\/\/www.aluguerdesimuladores.com\/blog\/aviso-legal\/#breadcrumb\"},\"inLanguage\":\"es\",\"potentialAction\":[{\"@type\":\"ReadAction\",\"target\":[\"https:\/\/www.aluguerdesimuladores.com\/blog\/aviso-legal\/\"]}]},{\"@type\":\"BreadcrumbList\",\"@id\":\"https:\/\/www.aluguerdesimuladores.com\/blog\/aviso-legal\/#breadcrumb\",\"itemListElement\":[{\"@type\":\"ListItem\",\"position\":1,\"name\":\"Portada\",\"item\":\"https:\/\/www.aluguerdesimuladores.com\/blog\/\"},{\"@type\":\"ListItem\",\"position\":2,\"name\":\"Aviso Legal\"}]},{\"@type\":\"WebSite\",\"@id\":\"https:\/\/www.aluguerdesimuladores.com\/blog\/#website\",\"url\":\"https:\/\/www.aluguerdesimuladores.com\/blog\/\",\"name\":\"Aluguer de Simuladores de condu\u00e7\u00e3o e de v\u00f4o\",\"description\":\"Aluguer de Simuladores de condu\u00e7\u00e3o\",\"potentialAction\":[{\"@type\":\"SearchAction\",\"target\":{\"@type\":\"EntryPoint\",\"urlTemplate\":\"https:\/\/www.aluguerdesimuladores.com\/blog\/?s={search_term_string}\"},\"query-input\":\"required name=search_term_string\"}],\"inLanguage\":\"es\"}]}<\/script>\n<!-- \/ Yoast SEO plugin. -->","yoast_head_json":{"title":"Aviso Legal - Aluguer de Simuladores de condu\u00e7\u00e3o e de v\u00f4o","robots":{"index":"index","follow":"follow","max-snippet":"max-snippet:-1","max-image-preview":"max-image-preview:large","max-video-preview":"max-video-preview:-1"},"canonical":"https:\/\/www.aluguerdesimuladores.com\/blog\/aviso-legal\/","og_locale":"es_ES","og_type":"article","og_title":"Aviso Legal - Aluguer de Simuladores de condu\u00e7\u00e3o e de v\u00f4o","og_description":"A propriedade deste website corresponde a Arisoft Editorial SA., criada em Zamora e NIF&#8211;A49229925. Inscrita no registo comercial de Zamora (Espanha), Volume 217, Se\u00e7\u00e3o 0, ZA-5030 folha. Os detalhes de identifica\u00e7\u00e3o e companhia de contato s\u00e3o os seguintes: Arisoft Editorial [&hellip;]","og_url":"https:\/\/www.aluguerdesimuladores.com\/blog\/aviso-legal\/","og_site_name":"Aluguer de Simuladores de condu\u00e7\u00e3o e de v\u00f4o","article_modified_time":"2023-12-27T11:31:40+00:00","twitter_card":"summary_large_image","twitter_misc":{"Tiempo de lectura":"1 minuto"},"schema":{"@context":"https:\/\/schema.org","@graph":[{"@type":"WebPage","@id":"https:\/\/www.aluguerdesimuladores.com\/blog\/aviso-legal\/","url":"https:\/\/www.aluguerdesimuladores.com\/blog\/aviso-legal\/","name":"Aviso Legal - Aluguer de Simuladores de condu\u00e7\u00e3o e de v\u00f4o","isPartOf":{"@id":"https:\/\/www.aluguerdesimuladores.com\/blog\/#website"},"datePublished":"2017-06-21T16:38:51+00:00","dateModified":"2023-12-27T11:31:40+00:00","breadcrumb":{"@id":"https:\/\/www.aluguerdesimuladores.com\/blog\/aviso-legal\/#breadcrumb"},"inLanguage":"es","potentialAction":[{"@type":"ReadAction","target":["https:\/\/www.aluguerdesimuladores.com\/blog\/aviso-legal\/"]}]},{"@type":"BreadcrumbList","@id":"https:\/\/www.aluguerdesimuladores.com\/blog\/aviso-legal\/#breadcrumb","itemListElement":[{"@type":"ListItem","position":1,"name":"Portada","item":"https:\/\/www.aluguerdesimuladores.com\/blog\/"},{"@type":"ListItem","position":2,"name":"Aviso Legal"}]},{"@type":"WebSite","@id":"https:\/\/www.aluguerdesimuladores.com\/blog\/#website","url":"https:\/\/www.aluguerdesimuladores.com\/blog\/","name":"Aluguer de Simuladores de condu\u00e7\u00e3o e de v\u00f4o","description":"Aluguer de Simuladores de condu\u00e7\u00e3o","potentialAction":[{"@type":"SearchAction","target":{"@type":"EntryPoint","urlTemplate":"https:\/\/www.aluguerdesimuladores.com\/blog\/?s={search_term_string}"},"query-input":"required name=search_term_string"}],"inLanguage":"es"}]}},"_links":{"self":[{"href":"https:\/\/www.aluguerdesimuladores.com\/blog\/wp-json\/wp\/v2\/pages\/1739"}],"collection":[{"href":"https:\/\/www.aluguerdesimuladores.com\/blog\/wp-json\/wp\/v2\/pages"}],"about":[{"href":"https:\/\/www.aluguerdesimuladores.com\/blog\/wp-json\/wp\/v2\/types\/page"}],"author":[{"embeddable":true,"href":"https:\/\/www.aluguerdesimuladores.com\/blog\/wp-json\/wp\/v2\/users\/1"}],"replies":[{"embeddable":true,"href":"https:\/\/www.aluguerdesimuladores.com\/blog\/wp-json\/wp\/v2\/comments?post=1739"}],"version-history":[{"count":6,"href":"https:\/\/www.aluguerdesimuladores.com\/blog\/wp-json\/wp\/v2\/pages\/1739\/revisions"}],"predecessor-version":[{"id":1784,"href":"https:\/\/www.aluguerdesimuladores.com\/blog\/wp-json\/wp\/v2\/pages\/1739\/revisions\/1784"}],"wp:attachment":[{"href":"https:\/\/www.aluguerdesimuladores.com\/blog\/wp-json\/wp\/v2\/media?parent=1739"}],"curies":[{"name":"wp","href":"https:\/\/api.w.org\/{rel}","templated":true}]}}