{"id":230,"date":"2016-02-16T16:05:03","date_gmt":"2016-02-16T16:05:03","guid":{"rendered":"http:\/\/demo.athemes.com\/astrid\/?page_id=230"},"modified":"2016-08-05T09:17:52","modified_gmt":"2016-08-05T09:17:52","slug":"simulador-de-carro","status":"publish","type":"page","link":"https:\/\/www.aluguerdesimuladores.com\/blog\/simulador-de-carro\/","title":{"rendered":"Simulador de carro"},"content":{"rendered":"<p align=\"justify\"><strong>Cockpit DRIVE SEAT 500ST + Volante G27 + Asssento<\/strong><\/p>\n<p align=\"justify\">O assento de condu\u00e7\u00e3o DRIVE SEAT 500ST \u00e9 o complemento ideal para desfrutar da experi\u00eancia de dirigir.<\/p>\n<p align=\"justify\">Pode ser usado com todos os tipos de consoles: PC, PlayStation, XBox, etc.<\/p>\n<p align=\"justify\">Ele pode ser ajustado a posi\u00e7\u00e3o do assento e a dist\u00e2ncia para o volante como um turista real.<\/p>\n<p align=\"justify\">Os tr\u00eas pedais (Logitech G25\/G27) foram colocados no ch\u00e3o para facilitar o manuseio. Suporta at\u00e9 42\u201d TV LCD \/ LED.<\/p>\n<p>Medidas (aproximado): Comprimento \u2013 1,60 m. Largura \u2013 65 cm. Peso aproximado: 75 Kg.<\/p>\n","protected":false},"excerpt":{"rendered":"<p>Cockpit DRIVE SEAT 500ST + Volante G27 + Asssento O assento de condu\u00e7\u00e3o DRIVE SEAT 500ST \u00e9 o complemento ideal para desfrutar da experi\u00eancia de dirigir. Pode ser usado com todos os tipos de consoles: PC, PlayStation, XBox, etc. Ele [&hellip;]<\/p>\n","protected":false},"author":1,"featured_media":1604,"parent":0,"menu_order":1,"comment_status":"closed","ping_status":"closed","template":"page-templates\/single-project.php","meta":{"_monsterinsights_skip_tracking":false,"_monsterinsights_sitenote_active":false,"_monsterinsights_sitenote_note":"","_monsterinsights_sitenote_category":0,"footnotes":""},"yoast_head":"<!-- This site is optimized with the Yoast SEO plugin v21.7 - https:\/\/yoast.com\/wordpress\/plugins\/seo\/ -->\n<title>Simulador de coche - Alquiler de simuladores de conducci\u00f3n<\/title>\n<meta name=\"description\" content=\"Alquiler del asiento de conducci\u00f3n DRIVE SEAT 500ST, el complemento ideal para disfrutar al m\u00e1ximo de la experiencia de la simulaci\u00f3n de la conducci\u00f3n.\" \/>\n<meta name=\"robots\" content=\"index, follow, max-snippet:-1, max-image-preview:large, max-video-preview:-1\" \/>\n<link rel=\"canonical\" href=\"https:\/\/www.aluguerdesimuladores.com\/blog\/simulador-de-carro\/\" \/>\n<meta property=\"og:locale\" content=\"es_ES\" \/>\n<meta property=\"og:type\" content=\"article\" \/>\n<meta property=\"og:title\" content=\"Simulador de coche - Alquiler de simuladores de conducci\u00f3n\" \/>\n<meta property=\"og:description\" content=\"Alquiler del asiento de conducci\u00f3n DRIVE SEAT 500ST, el complemento ideal para disfrutar al m\u00e1ximo de la experiencia de la simulaci\u00f3n de la conducci\u00f3n.\" \/>\n<meta property=\"og:url\" content=\"https:\/\/www.aluguerdesimuladores.com\/blog\/simulador-de-carro\/\" \/>\n<meta property=\"og:site_name\" content=\"Aluguer de Simuladores de condu\u00e7\u00e3o e de v\u00f4o\" \/>\n<meta property=\"article:modified_time\" content=\"2016-08-05T09:17:52+00:00\" \/>\n<meta property=\"og:image\" content=\"https:\/\/www.aluguerdesimuladores.com\/blog\/wp-content\/uploads\/simulador-de-coche.jpg\" \/>\n\t<meta property=\"og:image:width\" content=\"800\" \/>\n\t<meta property=\"og:image:height\" content=\"497\" \/>\n\t<meta property=\"og:image:type\" content=\"image\/jpeg\" \/>\n<meta name=\"twitter:card\" content=\"summary_large_image\" \/>\n<script type=\"application\/ld+json\" class=\"yoast-schema-graph\">{\"@context\":\"https:\/\/schema.org\",\"@graph\":[{\"@type\":\"WebPage\",\"@id\":\"https:\/\/www.aluguerdesimuladores.com\/blog\/simulador-de-carro\/\",\"url\":\"https:\/\/www.aluguerdesimuladores.com\/blog\/simulador-de-carro\/\",\"name\":\"Simulador de coche - Alquiler de simuladores de conducci\u00f3n\",\"isPartOf\":{\"@id\":\"https:\/\/www.aluguerdesimuladores.com\/blog\/#website\"},\"datePublished\":\"2016-02-16T16:05:03+00:00\",\"dateModified\":\"2016-08-05T09:17:52+00:00\",\"description\":\"Alquiler del asiento de conducci\u00f3n DRIVE SEAT 500ST, el complemento ideal para disfrutar al m\u00e1ximo de la experiencia de la simulaci\u00f3n de la conducci\u00f3n.\",\"breadcrumb\":{\"@id\":\"https:\/\/www.aluguerdesimuladores.com\/blog\/simulador-de-carro\/#breadcrumb\"},\"inLanguage\":\"es\",\"potentialAction\":[{\"@type\":\"ReadAction\",\"target\":[\"https:\/\/www.aluguerdesimuladores.com\/blog\/simulador-de-carro\/\"]}]},{\"@type\":\"BreadcrumbList\",\"@id\":\"https:\/\/www.aluguerdesimuladores.com\/blog\/simulador-de-carro\/#breadcrumb\",\"itemListElement\":[{\"@type\":\"ListItem\",\"position\":1,\"name\":\"Portada\",\"item\":\"https:\/\/www.aluguerdesimuladores.com\/blog\/\"},{\"@type\":\"ListItem\",\"position\":2,\"name\":\"Simulador de carro\"}]},{\"@type\":\"WebSite\",\"@id\":\"https:\/\/www.aluguerdesimuladores.com\/blog\/#website\",\"url\":\"https:\/\/www.aluguerdesimuladores.com\/blog\/\",\"name\":\"Aluguer de Simuladores de condu\u00e7\u00e3o e de v\u00f4o\",\"description\":\"Aluguer de Simuladores de condu\u00e7\u00e3o\",\"potentialAction\":[{\"@type\":\"SearchAction\",\"target\":{\"@type\":\"EntryPoint\",\"urlTemplate\":\"https:\/\/www.aluguerdesimuladores.com\/blog\/?s={search_term_string}\"},\"query-input\":\"required name=search_term_string\"}],\"inLanguage\":\"es\"}]}<\/script>\n<!-- \/ Yoast SEO plugin. -->","yoast_head_json":{"title":"Simulador de coche - Alquiler de simuladores de conducci\u00f3n","description":"Alquiler del asiento de conducci\u00f3n DRIVE SEAT 500ST, el complemento ideal para disfrutar al m\u00e1ximo de la experiencia de la simulaci\u00f3n de la conducci\u00f3n.","robots":{"index":"index","follow":"follow","max-snippet":"max-snippet:-1","max-image-preview":"max-image-preview:large","max-video-preview":"max-video-preview:-1"},"canonical":"https:\/\/www.aluguerdesimuladores.com\/blog\/simulador-de-carro\/","og_locale":"es_ES","og_type":"article","og_title":"Simulador de coche - Alquiler de simuladores de conducci\u00f3n","og_description":"Alquiler del asiento de conducci\u00f3n DRIVE SEAT 500ST, el complemento ideal para disfrutar al m\u00e1ximo de la experiencia de la simulaci\u00f3n de la conducci\u00f3n.","og_url":"https:\/\/www.aluguerdesimuladores.com\/blog\/simulador-de-carro\/","og_site_name":"Aluguer de Simuladores de condu\u00e7\u00e3o e de v\u00f4o","article_modified_time":"2016-08-05T09:17:52+00:00","og_image":[{"width":800,"height":497,"url":"https:\/\/www.aluguerdesimuladores.com\/blog\/wp-content\/uploads\/simulador-de-coche.jpg","type":"image\/jpeg"}],"twitter_card":"summary_large_image","schema":{"@context":"https:\/\/schema.org","@graph":[{"@type":"WebPage","@id":"https:\/\/www.aluguerdesimuladores.com\/blog\/simulador-de-carro\/","url":"https:\/\/www.aluguerdesimuladores.com\/blog\/simulador-de-carro\/","name":"Simulador de coche - Alquiler de simuladores de conducci\u00f3n","isPartOf":{"@id":"https:\/\/www.aluguerdesimuladores.com\/blog\/#website"},"datePublished":"2016-02-16T16:05:03+00:00","dateModified":"2016-08-05T09:17:52+00:00","description":"Alquiler del asiento de conducci\u00f3n DRIVE SEAT 500ST, el complemento ideal para disfrutar al m\u00e1ximo de la experiencia de la simulaci\u00f3n de la conducci\u00f3n.","breadcrumb":{"@id":"https:\/\/www.aluguerdesimuladores.com\/blog\/simulador-de-carro\/#breadcrumb"},"inLanguage":"es","potentialAction":[{"@type":"ReadAction","target":["https:\/\/www.aluguerdesimuladores.com\/blog\/simulador-de-carro\/"]}]},{"@type":"BreadcrumbList","@id":"https:\/\/www.aluguerdesimuladores.com\/blog\/simulador-de-carro\/#breadcrumb","itemListElement":[{"@type":"ListItem","position":1,"name":"Portada","item":"https:\/\/www.aluguerdesimuladores.com\/blog\/"},{"@type":"ListItem","position":2,"name":"Simulador de carro"}]},{"@type":"WebSite","@id":"https:\/\/www.aluguerdesimuladores.com\/blog\/#website","url":"https:\/\/www.aluguerdesimuladores.com\/blog\/","name":"Aluguer de Simuladores de condu\u00e7\u00e3o e de v\u00f4o","description":"Aluguer de Simuladores de condu\u00e7\u00e3o","potentialAction":[{"@type":"SearchAction","target":{"@type":"EntryPoint","urlTemplate":"https:\/\/www.aluguerdesimuladores.com\/blog\/?s={search_term_string}"},"query-input":"required name=search_term_string"}],"inLanguage":"es"}]}},"_links":{"self":[{"href":"https:\/\/www.aluguerdesimuladores.com\/blog\/wp-json\/wp\/v2\/pages\/230"}],"collection":[{"href":"https:\/\/www.aluguerdesimuladores.com\/blog\/wp-json\/wp\/v2\/pages"}],"about":[{"href":"https:\/\/www.aluguerdesimuladores.com\/blog\/wp-json\/wp\/v2\/types\/page"}],"author":[{"embeddable":true,"href":"https:\/\/www.aluguerdesimuladores.com\/blog\/wp-json\/wp\/v2\/users\/1"}],"replies":[{"embeddable":true,"href":"https:\/\/www.aluguerdesimuladores.com\/blog\/wp-json\/wp\/v2\/comments?post=230"}],"version-history":[{"count":1,"href":"https:\/\/www.aluguerdesimuladores.com\/blog\/wp-json\/wp\/v2\/pages\/230\/revisions"}],"predecessor-version":[{"id":1692,"href":"https:\/\/www.aluguerdesimuladores.com\/blog\/wp-json\/wp\/v2\/pages\/230\/revisions\/1692"}],"wp:featuredmedia":[{"embeddable":true,"href":"https:\/\/www.aluguerdesimuladores.com\/blog\/wp-json\/wp\/v2\/media\/1604"}],"wp:attachment":[{"href":"https:\/\/www.aluguerdesimuladores.com\/blog\/wp-json\/wp\/v2\/media?parent=230"}],"curies":[{"name":"wp","href":"https:\/\/api.w.org\/{rel}","templated":true}]}}