{"id":358,"date":"2013-09-20T08:33:25","date_gmt":"2013-09-20T08:33:25","guid":{"rendered":"http:\/\/www.aluguerdesimuladores.com\/blog\/?page_id=358"},"modified":"2023-12-27T11:38:12","modified_gmt":"2023-12-27T11:38:12","slug":"quem-somos","status":"publish","type":"page","link":"https:\/\/www.aluguerdesimuladores.com\/blog\/quem-somos\/","title":{"rendered":"Quem somos"},"content":{"rendered":"<p><strong>ARISOFT EDITORIAL SA<\/strong> \u00e9 uma editora especializada no desenvolvimento de produtos e servi\u00e7os para o setor de <strong>escolas de condu\u00e7\u00e3o<\/strong> e <strong>seguran\u00e7a rodovi\u00e1ria<\/strong>.<\/p>\n<div style=\"text-align: justify;\"><\/div>\n<div style=\"text-align: justify;\">Al\u00e9m do desenvolvimento do bem-sucedido programa de <a title=\"Ariauto\" href=\"http:\/\/www.ariauto.com\" target=\"_blank\" rel=\"noopener\">gest\u00e3o da escola de condu\u00e7\u00e3o Ariauto<\/a> e software de cria\u00e7\u00e3o \u00a0e realiza\u00e7\u00e3o de teste <a title=\"Aritest\" href=\"http:\/\/www.aritest.com\" target=\"_blank\" rel=\"noopener\">Aritest<\/a>,\u00a0tamb\u00e9m t\u00eam\u00a0<strong>simuladores de condu\u00e7\u00e3o<\/strong> para <strong>venda<\/strong> ou <strong>aluguel<\/strong>.<\/div>\n<div style=\"text-align: justify;\"><\/div>\n<div style=\"text-align: justify;\">Em <strong>Aluguerdesimuladores.com<\/strong>\u00a0n\u00f3s queremos\u00a0compartilhar toda a gama de simuladores dispon\u00edveis para o <strong>aluguel, <\/strong>al\u00e9m de informa\u00e7\u00f5es\u00a0das feiras, eventos ou cursos em que os organizadores alugaram um <strong>simulador<\/strong>.<\/div>\n<div style=\"text-align: justify;\"><\/div>\n<div style=\"text-align: justify;\"><\/div>\n<div style=\"text-align: justify;\">Pode ALUGAR nossos simuladores:<\/div>\n<p><strong>EDUCA\u00c7\u00c3O DRIVER<\/strong><\/p>\n<ul>\n<li>Auto Escolas de Condu\u00e7\u00e3o e Escolas.<\/li>\n<li>Universidades \/ Institutos do Ensino Secund\u00e1rio \/ FP Institutos \/ Escolas.<\/li>\n<li>Roadshows Seguran\u00e7a Rodovi\u00e1ria (caravanas).<\/li>\n<li>Escolas Seguran\u00e7a Rodovi\u00e1ria.<\/li>\n<li>Centros de forma\u00e7\u00e3o e \/ ou investiga\u00e7\u00e3o de Seguran\u00e7a Rodovi\u00e1ria.<\/li>\n<li>Munic\u00edpios e outras institui\u00e7\u00f5es.<\/li>\n<li>Parques e educa\u00e7\u00e3o rodovi\u00e1ria.<\/li>\n<\/ul>\n<p style=\"text-align: justify;\"><strong>ECO-CONDU\u00c7\u00c3O<\/strong><\/p>\n<ul>\n<li>Cursos de condu\u00e7\u00e3o eficiente e econ\u00f4mica para a condu\u00e7\u00e3o:<\/li>\n<li>For\u00e7as de Seguran\u00e7a (Pol\u00edcia, estadual, local, etc.).<\/li>\n<li>Empresas de ambul\u00e2ncia.<\/li>\n<li>Outras empresas com frotas de ve\u00edculos.<\/li>\n<li>Condu\u00e7\u00e3o e Escolas de Condu\u00e7\u00e3o.<\/li>\n<li>Munic\u00edpios e outras institui\u00e7\u00f5es.<\/li>\n<li>Empresas ligadas ao setor org\u00e2nico.<\/li>\n<\/ul>\n<p style=\"text-align: justify;\"><strong>OUTROS EVENTOS<\/strong><\/p>\n<ul>\n<li>Organizador de eventos, festivais, feiras, etc.<\/li>\n<li>Clubes de autom\u00f3veis.<\/li>\n<li>Clubes da motocicleta.<\/li>\n<li>Federa\u00e7\u00f5es da motocicleta e \/ ou carros.<\/li>\n<li>Incentivos empresa.<\/li>\n<li>Concession\u00e1rios.<\/li>\n<li>Companhias de seguros.<\/li>\n<li>Reivindica\u00e7\u00e3o de publicidade.<\/li>\n<li>Cyber.<\/li>\n<li>Caf\u00e9s, pubs\u2026<\/li>\n<li>\n<p style=\"display: inline !important;\">Casamentos, comunh\u00f5es&#8230;<\/p>\n<\/li>\n<li>S\u00e9rie ou programas de TV.<\/li>\n<li>\n<p style=\"display: inline !important;\">Reuni\u00f5es amigos.<\/p>\n<\/li>\n<\/ul>\n<p style=\"text-align: justify;\">N\u00f3s nos mudamos todo o geografia Portugu\u00eas:<\/p>\n<p style=\"text-align: justify;\">Lisboa, Leiria, Santar\u00e9m, Set\u00fabal, Beja, Faro, \u00c9vora, Portalegre, Castelo Branco, Guarda, Coimbra, Aveiro, Viseu, Braganza, Vila Real, Oporto, Braga, Viana do Castelo\u2026 e qualquer outra popula\u00e7\u00e3o.<\/p>\n","protected":false},"excerpt":{"rendered":"<p>ARISOFT EDITORIAL SA \u00e9 uma editora especializada no desenvolvimento de produtos e servi\u00e7os para o setor de escolas de condu\u00e7\u00e3o e seguran\u00e7a rodovi\u00e1ria. Al\u00e9m do desenvolvimento do bem-sucedido programa de gest\u00e3o da escola de condu\u00e7\u00e3o Ariauto e software de cria\u00e7\u00e3o [&hellip;]<\/p>\n","protected":false},"author":1,"featured_media":0,"parent":0,"menu_order":0,"comment_status":"closed","ping_status":"closed","template":"","meta":{"_monsterinsights_skip_tracking":false,"_monsterinsights_sitenote_active":false,"_monsterinsights_sitenote_note":"","_monsterinsights_sitenote_category":0,"footnotes":""},"yoast_head":"<!-- This site is optimized with the Yoast SEO plugin v21.7 - https:\/\/yoast.com\/wordpress\/plugins\/seo\/ -->\n<title>Quem somos - Aluguer de Simuladores de condu\u00e7\u00e3o e de v\u00f4o<\/title>\n<meta name=\"robots\" content=\"index, follow, max-snippet:-1, max-image-preview:large, max-video-preview:-1\" \/>\n<link rel=\"canonical\" href=\"https:\/\/www.aluguerdesimuladores.com\/blog\/quem-somos\/\" \/>\n<meta property=\"og:locale\" content=\"es_ES\" \/>\n<meta property=\"og:type\" content=\"article\" \/>\n<meta property=\"og:title\" content=\"Quem somos - Aluguer de Simuladores de condu\u00e7\u00e3o e de v\u00f4o\" \/>\n<meta property=\"og:description\" content=\"ARISOFT EDITORIAL SA \u00e9 uma editora especializada no desenvolvimento de produtos e servi\u00e7os para o setor de escolas de condu\u00e7\u00e3o e seguran\u00e7a rodovi\u00e1ria. Al\u00e9m do desenvolvimento do bem-sucedido programa de gest\u00e3o da escola de condu\u00e7\u00e3o Ariauto e software de cria\u00e7\u00e3o [&hellip;]\" \/>\n<meta property=\"og:url\" content=\"https:\/\/www.aluguerdesimuladores.com\/blog\/quem-somos\/\" \/>\n<meta property=\"og:site_name\" content=\"Aluguer de Simuladores de condu\u00e7\u00e3o e de v\u00f4o\" \/>\n<meta property=\"article:modified_time\" content=\"2023-12-27T11:38:12+00:00\" \/>\n<meta name=\"twitter:card\" content=\"summary_large_image\" \/>\n<meta name=\"twitter:label1\" content=\"Tiempo de lectura\" \/>\n\t<meta name=\"twitter:data1\" content=\"2 minutos\" \/>\n<script type=\"application\/ld+json\" class=\"yoast-schema-graph\">{\"@context\":\"https:\/\/schema.org\",\"@graph\":[{\"@type\":\"WebPage\",\"@id\":\"https:\/\/www.aluguerdesimuladores.com\/blog\/quem-somos\/\",\"url\":\"https:\/\/www.aluguerdesimuladores.com\/blog\/quem-somos\/\",\"name\":\"Quem somos - Aluguer de Simuladores de condu\u00e7\u00e3o e de v\u00f4o\",\"isPartOf\":{\"@id\":\"https:\/\/www.aluguerdesimuladores.com\/blog\/#website\"},\"datePublished\":\"2013-09-20T08:33:25+00:00\",\"dateModified\":\"2023-12-27T11:38:12+00:00\",\"breadcrumb\":{\"@id\":\"https:\/\/www.aluguerdesimuladores.com\/blog\/quem-somos\/#breadcrumb\"},\"inLanguage\":\"es\",\"potentialAction\":[{\"@type\":\"ReadAction\",\"target\":[\"https:\/\/www.aluguerdesimuladores.com\/blog\/quem-somos\/\"]}]},{\"@type\":\"BreadcrumbList\",\"@id\":\"https:\/\/www.aluguerdesimuladores.com\/blog\/quem-somos\/#breadcrumb\",\"itemListElement\":[{\"@type\":\"ListItem\",\"position\":1,\"name\":\"Portada\",\"item\":\"https:\/\/www.aluguerdesimuladores.com\/blog\/\"},{\"@type\":\"ListItem\",\"position\":2,\"name\":\"Quem somos\"}]},{\"@type\":\"WebSite\",\"@id\":\"https:\/\/www.aluguerdesimuladores.com\/blog\/#website\",\"url\":\"https:\/\/www.aluguerdesimuladores.com\/blog\/\",\"name\":\"Aluguer de Simuladores de condu\u00e7\u00e3o e de v\u00f4o\",\"description\":\"Aluguer de Simuladores de condu\u00e7\u00e3o\",\"potentialAction\":[{\"@type\":\"SearchAction\",\"target\":{\"@type\":\"EntryPoint\",\"urlTemplate\":\"https:\/\/www.aluguerdesimuladores.com\/blog\/?s={search_term_string}\"},\"query-input\":\"required name=search_term_string\"}],\"inLanguage\":\"es\"}]}<\/script>\n<!-- \/ Yoast SEO plugin. -->","yoast_head_json":{"title":"Quem somos - Aluguer de Simuladores de condu\u00e7\u00e3o e de v\u00f4o","robots":{"index":"index","follow":"follow","max-snippet":"max-snippet:-1","max-image-preview":"max-image-preview:large","max-video-preview":"max-video-preview:-1"},"canonical":"https:\/\/www.aluguerdesimuladores.com\/blog\/quem-somos\/","og_locale":"es_ES","og_type":"article","og_title":"Quem somos - Aluguer de Simuladores de condu\u00e7\u00e3o e de v\u00f4o","og_description":"ARISOFT EDITORIAL SA \u00e9 uma editora especializada no desenvolvimento de produtos e servi\u00e7os para o setor de escolas de condu\u00e7\u00e3o e seguran\u00e7a rodovi\u00e1ria. Al\u00e9m do desenvolvimento do bem-sucedido programa de gest\u00e3o da escola de condu\u00e7\u00e3o Ariauto e software de cria\u00e7\u00e3o [&hellip;]","og_url":"https:\/\/www.aluguerdesimuladores.com\/blog\/quem-somos\/","og_site_name":"Aluguer de Simuladores de condu\u00e7\u00e3o e de v\u00f4o","article_modified_time":"2023-12-27T11:38:12+00:00","twitter_card":"summary_large_image","twitter_misc":{"Tiempo de lectura":"2 minutos"},"schema":{"@context":"https:\/\/schema.org","@graph":[{"@type":"WebPage","@id":"https:\/\/www.aluguerdesimuladores.com\/blog\/quem-somos\/","url":"https:\/\/www.aluguerdesimuladores.com\/blog\/quem-somos\/","name":"Quem somos - Aluguer de Simuladores de condu\u00e7\u00e3o e de v\u00f4o","isPartOf":{"@id":"https:\/\/www.aluguerdesimuladores.com\/blog\/#website"},"datePublished":"2013-09-20T08:33:25+00:00","dateModified":"2023-12-27T11:38:12+00:00","breadcrumb":{"@id":"https:\/\/www.aluguerdesimuladores.com\/blog\/quem-somos\/#breadcrumb"},"inLanguage":"es","potentialAction":[{"@type":"ReadAction","target":["https:\/\/www.aluguerdesimuladores.com\/blog\/quem-somos\/"]}]},{"@type":"BreadcrumbList","@id":"https:\/\/www.aluguerdesimuladores.com\/blog\/quem-somos\/#breadcrumb","itemListElement":[{"@type":"ListItem","position":1,"name":"Portada","item":"https:\/\/www.aluguerdesimuladores.com\/blog\/"},{"@type":"ListItem","position":2,"name":"Quem somos"}]},{"@type":"WebSite","@id":"https:\/\/www.aluguerdesimuladores.com\/blog\/#website","url":"https:\/\/www.aluguerdesimuladores.com\/blog\/","name":"Aluguer de Simuladores de condu\u00e7\u00e3o e de v\u00f4o","description":"Aluguer de Simuladores de condu\u00e7\u00e3o","potentialAction":[{"@type":"SearchAction","target":{"@type":"EntryPoint","urlTemplate":"https:\/\/www.aluguerdesimuladores.com\/blog\/?s={search_term_string}"},"query-input":"required name=search_term_string"}],"inLanguage":"es"}]}},"_links":{"self":[{"href":"https:\/\/www.aluguerdesimuladores.com\/blog\/wp-json\/wp\/v2\/pages\/358"}],"collection":[{"href":"https:\/\/www.aluguerdesimuladores.com\/blog\/wp-json\/wp\/v2\/pages"}],"about":[{"href":"https:\/\/www.aluguerdesimuladores.com\/blog\/wp-json\/wp\/v2\/types\/page"}],"author":[{"embeddable":true,"href":"https:\/\/www.aluguerdesimuladores.com\/blog\/wp-json\/wp\/v2\/users\/1"}],"replies":[{"embeddable":true,"href":"https:\/\/www.aluguerdesimuladores.com\/blog\/wp-json\/wp\/v2\/comments?post=358"}],"version-history":[{"count":5,"href":"https:\/\/www.aluguerdesimuladores.com\/blog\/wp-json\/wp\/v2\/pages\/358\/revisions"}],"predecessor-version":[{"id":1786,"href":"https:\/\/www.aluguerdesimuladores.com\/blog\/wp-json\/wp\/v2\/pages\/358\/revisions\/1786"}],"wp:attachment":[{"href":"https:\/\/www.aluguerdesimuladores.com\/blog\/wp-json\/wp\/v2\/media?parent=358"}],"curies":[{"name":"wp","href":"https:\/\/api.w.org\/{rel}","templated":true}]}}