{"id":429,"date":"2013-12-24T08:59:25","date_gmt":"2013-12-24T08:59:25","guid":{"rendered":"http:\/\/www.aluguerdesimuladores.com\/blog\/politica-de-cookies\/"},"modified":"2013-12-24T09:01:22","modified_gmt":"2013-12-24T09:01:22","slug":"politica-de-cookies","status":"publish","type":"page","link":"https:\/\/www.aluguerdesimuladores.com\/blog\/politica-de-cookies\/","title":{"rendered":"Pol\u00edtica de cookies"},"content":{"rendered":"<p style=\"text-align: justify;\"><strong>Cookies (Informa\u00e7\u00e3o adicional)<\/strong><\/p>\n<p style=\"text-align: justify;\">Usamos cookies, ou seja, um conjunto de dados que identificam o utilizador durante a sess\u00e3o em direto na web, a que chamamos de &#8220;sess\u00e3o&#8221; , o que significa que os cookies s\u00e3o memorizados e s\u00f3 s\u00e3o v\u00e1lidos durante uma sess\u00e3o ativa , ou seja, durante a sua visita \u00e0 web. Estes &#8216;cookies&#8217; n\u00e3o registam de forma permanente quaisquer informa\u00e7\u00f5es no disco r\u00edgido do seu computador e expiram no final da sess\u00e3o.<\/p>\n<p style=\"text-align: justify;\">Na web em geral , os cookies s\u00f3 se destinam a obter algumas informa\u00e7\u00f5es do utilizador (ou seja , o tipo de navegador de Internet do utilizador, o\u00a0 sistema operativo do computador e o endere\u00e7o IP de onde acede ao nosso site ), informa\u00e7\u00e3o esta que serve para facilitar a navega\u00e7\u00e3o atrav\u00e9s do nosso s\u00edtio na web.<\/p>\n<p style=\"text-align: justify;\">No processo de compras on-line no nosso site , os cookies s\u00f3 obt\u00eam informa\u00e7\u00f5es sobre o navegador e a ID do utilizador da sess\u00e3o durante a sua visita na web, para permitir processar a compra e verificar a corre\u00e7\u00e3o dos dados fornecidos.<\/p>\n<p style=\"text-align: justify;\">Em geral os cookies que usamos, associam-se unicamente com um utilizador an\u00f3nimo\u00a0 e com o seu computador e n\u00e3o proporcionam refer\u00eancias a partir das quais se obtenham o nome e apelido do utilizador. Em rela\u00e7\u00e3o ao processo de compras on-line em particular, ser\u00e3o associados os dados inseridos pelo utilizador durante o processo de compra com o seu identificador de sess\u00e3o, para efeito de reconcilia\u00e7\u00f5es banc\u00e1rias e certifica\u00e7\u00e3o do contrato.<\/p>\n<p style=\"text-align: justify;\">Perante esta informa\u00e7\u00e3o , \u00e9 poss\u00edvel realizar as seguintes a\u00e7\u00f5es:<\/p>\n<p style=\"text-align: justify;\">Aceitar cookies. N\u00e3o \u00e9 reexibido este an\u00fancio, quando aceder a qualquer outra p\u00e1gina do portal durante esta sess\u00e3o.<\/p>\n<p style=\"text-align: justify;\">Fechar. O aviso est\u00e1 oculto nesta p\u00e1gina , mas quando aceder a qualquer outra p\u00e1gina do portal, ir\u00e1 ser exibido novamente o an\u00fancio na parte superior da mesma .<\/p>\n<p style=\"text-align: justify;\">Modificar a sua configura\u00e7\u00e3o. Poder\u00e1 obter mais informa\u00e7\u00f5es sobre o que s\u00e3o cookies , conhecer a Pol\u00edtica de cookies da empresa e alterar a configura\u00e7\u00e3o de sua navega\u00e7\u00e3o. Mas isso n\u00e3o vai impedir que se mostre o aviso sobre os cookies, quando aceder a novas p\u00e1ginas do portal<b>.<\/b><\/p>\n<p style=\"text-align: justify;\"><strong>Como modificar as configura\u00e7\u00f5es de cookies<\/strong><\/p>\n<p style=\"text-align: justify;\">Poder\u00e1 restringir , bloquear ou apagar os cookies de Arisoft Editorial SA ou qualquer outra p\u00e1gina web usando o seu browser. Cada navegador tem diferentes formas de operar, a fun\u00e7\u00e3o &#8216;Ajuda\/ Help\/ Ayuda&#8217; ir\u00e1 mostrar-lhe como faz\u00ea-lo.<\/p>\n<p style=\"text-align: justify;\"><strong>Pol\u00edtica de Cookies<\/strong><\/p>\n<p style=\"text-align: justify;\">Arisoft Editorial SA informa sobre o uso de cookies no seu site <a href=\"http:\/\/www.aluguerdesimuladores.com\/blog\">http:\/\/www.aluguerdesimuladores.com\/blog<\/a>\u00a0Usamos cookies pr\u00f3prias e de terceiros para melhorar os nossos servi\u00e7os e mostrar publicidade relacionada com as suas prefer\u00eancias atrav\u00e9s da an\u00e1lise do seus h\u00e1bitos de navega\u00e7\u00e3o. Se continuar a navegar, consideraramos que aceitou o seu uso.<\/p>\n<p style=\"text-align: justify;\">Cookies s\u00e3o arquivos que podem ser baixados para o seu computador atrav\u00e9s das p\u00e1ginas da web. S\u00e3o ferramentas essenciais para a presta\u00e7\u00e3o de muitos servi\u00e7os na sociedade da informa\u00e7\u00e3o. Entre outras coisas, permitir que um site tenha condi\u00e7\u00f5es para armazenar e recuperar informa\u00e7\u00f5es sobre os h\u00e1bitos de navega\u00e7\u00e3o de um utilizador ou do seu computador, dependendo da informa\u00e7\u00e3o obtida, podem ser usadas para reconhecer o utilizador e melhorar o servi\u00e7o.<strong><\/strong><\/p>\n<p style=\"text-align: justify;\"><strong>Tipos de Cookies<\/strong><\/p>\n<p style=\"text-align: justify;\">Dependendo da entidade que gere o dom\u00ednio do qual os cookies s\u00e3o enviados e\u00a0 a forma como s\u00e3o tratados os dados obtidos , podem distinguir-se dois tipos : cookies pr\u00f3prios e cookies de terceiros.<\/p>\n<p style=\"text-align: justify;\">H\u00e1 tamb\u00e9m uma segunda classifica\u00e7\u00e3o de acordo com o per\u00edodo de tempo que eles permanecem armazenados no navegador do cliente , podendo classificar-se em:\u00a0 cookies de sess\u00e3o ou cookies persistentes.<\/p>\n<p style=\"text-align: justify;\">Finalmente, h\u00e1 uma outra classifica\u00e7\u00e3o com cinco tipos de cookies, de acordo com a finalidade para a qual s\u00e3o tratados os dados obtidos : cookies t\u00e9cnicos, cookies de personaliza\u00e7\u00e3o , cookies de an\u00e1lise, cookies publicit\u00e1rias e cookies de publicidade comportamental .<\/p>\n<p style=\"text-align: justify;\"><strong>Cookies utilizados na web<\/strong><\/p>\n<p style=\"text-align: justify;\">Em seguida identificam-se os cookies que s\u00e3o utilizados neste portal, bem como a sua tipologia e fun\u00e7\u00e3o :<\/p>\n<p style=\"text-align: justify;\">A p\u00e1gina web usa o Google Analytics, um servi\u00e7o de an\u00e1lise da web desenvolvido pela Google , que permite a medi\u00e7\u00e3o e an\u00e1lise de navega\u00e7\u00e3o em p\u00e1ginas web. No seu navegador poder\u00e1 ver quatro cookies deste servi\u00e7o. De acordo com a tipologia anterior, tratam-se de cookies pr\u00f3prios, de sess\u00e3o e de an\u00e1lise. Poder\u00e1 encontrar mais informa\u00e7\u00f5es sobre o tema, assim como saber desabilitar o uso destes cookies em :<\/p>\n<p style=\"text-align: justify;\">www.google.es \/ intl \/ en \/ analytics \/ privacyoverview.html<\/p>\n<p style=\"text-align: justify;\">Atrav\u00e9s da an\u00e1lise da web n\u00e3o se obt\u00eam informa\u00e7\u00f5es sobre os seus dados pessoais, garantindo a prote\u00e7\u00e3o da privacidade das pessoas que navegam na web. A informa\u00e7\u00e3o obtida \u00e9 relativo ao n\u00famero de utilizadores que acedem \u00e0 web, o n\u00famero de p\u00e1ginas vistas, a frequ\u00eancia e repeti\u00e7\u00e3o das visitas , sua dura\u00e7\u00e3o, o navegador utilizado , o operador que presta o servi\u00e7o , a l\u00edngua, o equipamento que est\u00e1 a usar ou a cidade para \u00e0 qual \u00e9 atribu\u00edda o endere\u00e7o IP. Informa\u00e7\u00e3o que permite que um servi\u00e7o melhor e mais apropriado por parte deste site .<\/p>\n<p style=\"text-align: justify;\">Outro dos cookies que se descarregam \u00e9 um cookie de tipo t\u00e9cnico chamado ASP.NET_SessionId e que \u00e9 necess\u00e1rio para a navega\u00e7\u00e3o adequada nas p\u00e1ginas da web.<\/p>\n<p style=\"text-align: justify;\">Finalmente, descarrega-se um cookie de tipo t\u00e9cnico chamado cookies_policy t\u00e9cnica, pr\u00f3prio, de tipo t\u00e9cnico e de sess\u00e3o. Gere o consentimento do utilizador face ao uso dos cookies no site, a fim de evitar o desconforto excessivo que pode envolver, exibir repetidamente informa\u00e7\u00f5es sobre a pol\u00edtica de cookies no topo da p\u00e1gina web, para aqueles que aceitaram a mesma .<\/p>\n<p style=\"text-align: justify;\"><strong>Aceita\u00e7\u00e3o da pol\u00edtica de cookies<\/strong><\/p>\n<p style=\"text-align: justify;\">Arisoft Editorial SA mostra informa\u00e7\u00f5es sobre a sua Pol\u00edtica de cookies Pol\u00edtica na parte superior de qualquer p\u00e1gina do portal com cada in\u00edcio de sess\u00e3o .<\/p>\n<p style=\"text-align: justify;\">Perante esta informa\u00e7\u00e3o , \u00e9 poss\u00edvel realizar as seguintes a\u00e7\u00f5es:<\/p>\n<p style=\"text-align: justify;\">Aceitar cookies. N\u00e3o ser\u00e1 reexibido este an\u00fancio para aceder a qualquer p\u00e1gina do portal durante a presente sess\u00e3o.<\/p>\n<p style=\"text-align: justify;\">Fechar. Ocultar-se-\u00e1 o aviso na presente p\u00e1gina , mas para aceder a qualquer outra p\u00e1gina do portal ir\u00e1 ser exibido novamente no topo da referida p\u00e1gina .<\/p>\n<p style=\"text-align: justify;\">Modificar a configura\u00e7\u00e3o. Poder\u00e1 obter mais informa\u00e7\u00f5es sobre o que s\u00e3o cookies, conhecer a pol\u00edtica de cookies da empresa e alterar a configura\u00e7\u00e3o de sua navega\u00e7\u00e3o. Mas isso n\u00e3o vai impedir que sejam mostrados avisos sobre os cookies quando aceder a uma nova p\u00e1gina do portal.<\/p>\n<p style=\"text-align: justify;\"><strong>Como modificar a configura\u00e7\u00e3o dos cookies<\/strong><\/p>\n<p style=\"text-align: justify;\">Poder\u00e1 restringir , bloquear ou apagar os cookies de Arisoft Editorial SA ou qualquer outra p\u00e1gina web usando o seu navegador. Cada navegador tem processos diferentes , a fun\u00e7\u00e3o &#8216;Ayuda\/ Help\/ Ajuda&#8217; ir\u00e1 mostrar-lhe como.<\/p>\n","protected":false},"excerpt":{"rendered":"<p>Cookies (Informa\u00e7\u00e3o adicional) Usamos cookies, ou seja, um conjunto de dados que identificam o utilizador durante a sess\u00e3o em direto na web, a que chamamos de &#8220;sess\u00e3o&#8221; , o que significa que os cookies s\u00e3o memorizados e s\u00f3 s\u00e3o v\u00e1lidos [&hellip;]<\/p>\n","protected":false},"author":1,"featured_media":0,"parent":0,"menu_order":0,"comment_status":"closed","ping_status":"closed","template":"","meta":{"_monsterinsights_skip_tracking":false,"_monsterinsights_sitenote_active":false,"_monsterinsights_sitenote_note":"","_monsterinsights_sitenote_category":0,"footnotes":""},"yoast_head":"<!-- This site is optimized with the Yoast SEO plugin v21.7 - https:\/\/yoast.com\/wordpress\/plugins\/seo\/ -->\n<title>Pol\u00edtica de cookies - Aluguer de Simuladores de condu\u00e7\u00e3o e de v\u00f4o<\/title>\n<meta name=\"robots\" content=\"index, follow, max-snippet:-1, max-image-preview:large, max-video-preview:-1\" \/>\n<link rel=\"canonical\" href=\"https:\/\/www.aluguerdesimuladores.com\/blog\/politica-de-cookies\/\" \/>\n<meta property=\"og:locale\" content=\"es_ES\" \/>\n<meta property=\"og:type\" content=\"article\" \/>\n<meta property=\"og:title\" content=\"Pol\u00edtica de cookies - Aluguer de Simuladores de condu\u00e7\u00e3o e de v\u00f4o\" \/>\n<meta property=\"og:description\" content=\"Cookies (Informa\u00e7\u00e3o adicional) Usamos cookies, ou seja, um conjunto de dados que identificam o utilizador durante a sess\u00e3o em direto na web, a que chamamos de &#8220;sess\u00e3o&#8221; , o que significa que os cookies s\u00e3o memorizados e s\u00f3 s\u00e3o v\u00e1lidos [&hellip;]\" \/>\n<meta property=\"og:url\" content=\"https:\/\/www.aluguerdesimuladores.com\/blog\/politica-de-cookies\/\" \/>\n<meta property=\"og:site_name\" content=\"Aluguer de Simuladores de condu\u00e7\u00e3o e de v\u00f4o\" \/>\n<meta property=\"article:modified_time\" content=\"2013-12-24T09:01:22+00:00\" \/>\n<meta name=\"twitter:card\" content=\"summary_large_image\" \/>\n<meta name=\"twitter:label1\" content=\"Tiempo de lectura\" \/>\n\t<meta name=\"twitter:data1\" content=\"6 minutos\" \/>\n<script type=\"application\/ld+json\" class=\"yoast-schema-graph\">{\"@context\":\"https:\/\/schema.org\",\"@graph\":[{\"@type\":\"WebPage\",\"@id\":\"https:\/\/www.aluguerdesimuladores.com\/blog\/politica-de-cookies\/\",\"url\":\"https:\/\/www.aluguerdesimuladores.com\/blog\/politica-de-cookies\/\",\"name\":\"Pol\u00edtica de cookies - Aluguer de Simuladores de condu\u00e7\u00e3o e de v\u00f4o\",\"isPartOf\":{\"@id\":\"https:\/\/www.aluguerdesimuladores.com\/blog\/#website\"},\"datePublished\":\"2013-12-24T08:59:25+00:00\",\"dateModified\":\"2013-12-24T09:01:22+00:00\",\"breadcrumb\":{\"@id\":\"https:\/\/www.aluguerdesimuladores.com\/blog\/politica-de-cookies\/#breadcrumb\"},\"inLanguage\":\"es\",\"potentialAction\":[{\"@type\":\"ReadAction\",\"target\":[\"https:\/\/www.aluguerdesimuladores.com\/blog\/politica-de-cookies\/\"]}]},{\"@type\":\"BreadcrumbList\",\"@id\":\"https:\/\/www.aluguerdesimuladores.com\/blog\/politica-de-cookies\/#breadcrumb\",\"itemListElement\":[{\"@type\":\"ListItem\",\"position\":1,\"name\":\"Portada\",\"item\":\"https:\/\/www.aluguerdesimuladores.com\/blog\/\"},{\"@type\":\"ListItem\",\"position\":2,\"name\":\"Pol\u00edtica de cookies\"}]},{\"@type\":\"WebSite\",\"@id\":\"https:\/\/www.aluguerdesimuladores.com\/blog\/#website\",\"url\":\"https:\/\/www.aluguerdesimuladores.com\/blog\/\",\"name\":\"Aluguer de Simuladores de condu\u00e7\u00e3o e de v\u00f4o\",\"description\":\"Aluguer de Simuladores de condu\u00e7\u00e3o\",\"potentialAction\":[{\"@type\":\"SearchAction\",\"target\":{\"@type\":\"EntryPoint\",\"urlTemplate\":\"https:\/\/www.aluguerdesimuladores.com\/blog\/?s={search_term_string}\"},\"query-input\":\"required name=search_term_string\"}],\"inLanguage\":\"es\"}]}<\/script>\n<!-- \/ Yoast SEO plugin. -->","yoast_head_json":{"title":"Pol\u00edtica de cookies - Aluguer de Simuladores de condu\u00e7\u00e3o e de v\u00f4o","robots":{"index":"index","follow":"follow","max-snippet":"max-snippet:-1","max-image-preview":"max-image-preview:large","max-video-preview":"max-video-preview:-1"},"canonical":"https:\/\/www.aluguerdesimuladores.com\/blog\/politica-de-cookies\/","og_locale":"es_ES","og_type":"article","og_title":"Pol\u00edtica de cookies - Aluguer de Simuladores de condu\u00e7\u00e3o e de v\u00f4o","og_description":"Cookies (Informa\u00e7\u00e3o adicional) Usamos cookies, ou seja, um conjunto de dados que identificam o utilizador durante a sess\u00e3o em direto na web, a que chamamos de &#8220;sess\u00e3o&#8221; , o que significa que os cookies s\u00e3o memorizados e s\u00f3 s\u00e3o v\u00e1lidos [&hellip;]","og_url":"https:\/\/www.aluguerdesimuladores.com\/blog\/politica-de-cookies\/","og_site_name":"Aluguer de Simuladores de condu\u00e7\u00e3o e de v\u00f4o","article_modified_time":"2013-12-24T09:01:22+00:00","twitter_card":"summary_large_image","twitter_misc":{"Tiempo de lectura":"6 minutos"},"schema":{"@context":"https:\/\/schema.org","@graph":[{"@type":"WebPage","@id":"https:\/\/www.aluguerdesimuladores.com\/blog\/politica-de-cookies\/","url":"https:\/\/www.aluguerdesimuladores.com\/blog\/politica-de-cookies\/","name":"Pol\u00edtica de cookies - Aluguer de Simuladores de condu\u00e7\u00e3o e de v\u00f4o","isPartOf":{"@id":"https:\/\/www.aluguerdesimuladores.com\/blog\/#website"},"datePublished":"2013-12-24T08:59:25+00:00","dateModified":"2013-12-24T09:01:22+00:00","breadcrumb":{"@id":"https:\/\/www.aluguerdesimuladores.com\/blog\/politica-de-cookies\/#breadcrumb"},"inLanguage":"es","potentialAction":[{"@type":"ReadAction","target":["https:\/\/www.aluguerdesimuladores.com\/blog\/politica-de-cookies\/"]}]},{"@type":"BreadcrumbList","@id":"https:\/\/www.aluguerdesimuladores.com\/blog\/politica-de-cookies\/#breadcrumb","itemListElement":[{"@type":"ListItem","position":1,"name":"Portada","item":"https:\/\/www.aluguerdesimuladores.com\/blog\/"},{"@type":"ListItem","position":2,"name":"Pol\u00edtica de cookies"}]},{"@type":"WebSite","@id":"https:\/\/www.aluguerdesimuladores.com\/blog\/#website","url":"https:\/\/www.aluguerdesimuladores.com\/blog\/","name":"Aluguer de Simuladores de condu\u00e7\u00e3o e de v\u00f4o","description":"Aluguer de Simuladores de condu\u00e7\u00e3o","potentialAction":[{"@type":"SearchAction","target":{"@type":"EntryPoint","urlTemplate":"https:\/\/www.aluguerdesimuladores.com\/blog\/?s={search_term_string}"},"query-input":"required name=search_term_string"}],"inLanguage":"es"}]}},"_links":{"self":[{"href":"https:\/\/www.aluguerdesimuladores.com\/blog\/wp-json\/wp\/v2\/pages\/429"}],"collection":[{"href":"https:\/\/www.aluguerdesimuladores.com\/blog\/wp-json\/wp\/v2\/pages"}],"about":[{"href":"https:\/\/www.aluguerdesimuladores.com\/blog\/wp-json\/wp\/v2\/types\/page"}],"author":[{"embeddable":true,"href":"https:\/\/www.aluguerdesimuladores.com\/blog\/wp-json\/wp\/v2\/users\/1"}],"replies":[{"embeddable":true,"href":"https:\/\/www.aluguerdesimuladores.com\/blog\/wp-json\/wp\/v2\/comments?post=429"}],"version-history":[{"count":1,"href":"https:\/\/www.aluguerdesimuladores.com\/blog\/wp-json\/wp\/v2\/pages\/429\/revisions"}],"predecessor-version":[{"id":431,"href":"https:\/\/www.aluguerdesimuladores.com\/blog\/wp-json\/wp\/v2\/pages\/429\/revisions\/431"}],"wp:attachment":[{"href":"https:\/\/www.aluguerdesimuladores.com\/blog\/wp-json\/wp\/v2\/media?parent=429"}],"curies":[{"name":"wp","href":"https:\/\/api.w.org\/{rel}","templated":true}]}}