{"id":47,"date":"2011-07-07T15:00:14","date_gmt":"2011-07-07T15:00:14","guid":{"rendered":"http:\/\/www.aluguerdesimuladores.com\/blog\/?page_id=47"},"modified":"2023-12-27T12:17:42","modified_gmt":"2023-12-27T12:17:42","slug":"detalhes-de-contato-para-alugar-simuladores","status":"publish","type":"page","link":"https:\/\/www.aluguerdesimuladores.com\/blog\/detalhes-de-contato-para-alugar-simuladores\/","title":{"rendered":"Contato"},"content":{"rendered":"<p style=\"text-align: justify;\">Para mais informa\u00e7\u00f5es sobre <a href=\"http:\/\/www.arisoft.es\/b2c\/index.php?page=pp_productos.php&amp;tbusq=1&amp;md=1&amp;ref=SIMULADOR\">SIMULADORES<\/a>, ou est\u00e1 interessado em alugar para o seu dia de educa\u00e7\u00e3o do motorista, ou outros eventos (feiras, conven\u00e7\u00f5es, festas infantis e incentivos da empresa, etc &#8230;), entre em contato no <a href=\"http:\/\/www.arisoft.es\" target=\"_blank\" rel=\"noopener\">ARISOFT<\/a> o <strong>Tf:. +34 910 606 472, <\/strong>ou enviar um e-mail para <strong>info@drivesimsimulator.com <\/strong>e enviar-lhe um or\u00e7amento \u00e0 medida das suas necessidades.<\/p>\n<h2><span style=\"color: #800000;\"><strong>INFORMA\u00c7\u00d5ES E CONTATO<\/strong><\/span><\/h2>\n\n\n<script charset=\"utf-8\" type=\"text\/javascript\" src=\"\/\/js.hsforms.net\/forms\/embed\/v2.js\"><\/script>\n<script>\n  hbspt.forms.create({\n    region: \"na1\",\n    portalId: \"5593330\",\n    formId: \"40857b9c-7a83-477e-b950-d10bc1f54e75\"\n  });\n<\/script>\n","protected":false},"excerpt":{"rendered":"<p>Para mais informa\u00e7\u00f5es sobre SIMULADORES, ou est\u00e1 interessado em alugar para o seu dia de educa\u00e7\u00e3o do motorista, ou outros eventos (feiras, conven\u00e7\u00f5es, festas infantis e incentivos da empresa, etc &#8230;), entre em contato no ARISOFT o Tf:. +34 910 [&hellip;]<\/p>\n","protected":false},"author":1,"featured_media":0,"parent":0,"menu_order":0,"comment_status":"closed","ping_status":"closed","template":"","meta":{"_monsterinsights_skip_tracking":false,"_monsterinsights_sitenote_active":false,"_monsterinsights_sitenote_note":"","_monsterinsights_sitenote_category":0,"footnotes":""},"yoast_head":"<!-- This site is optimized with the Yoast SEO plugin v21.7 - https:\/\/yoast.com\/wordpress\/plugins\/seo\/ -->\n<title>Contato - Aluguer de Simuladores de condu\u00e7\u00e3o e de v\u00f4o<\/title>\n<meta name=\"robots\" content=\"index, follow, max-snippet:-1, max-image-preview:large, max-video-preview:-1\" \/>\n<link rel=\"canonical\" href=\"https:\/\/www.aluguerdesimuladores.com\/blog\/detalhes-de-contato-para-alugar-simuladores\/\" \/>\n<meta property=\"og:locale\" content=\"es_ES\" \/>\n<meta property=\"og:type\" content=\"article\" \/>\n<meta property=\"og:title\" content=\"Contato - Aluguer de Simuladores de condu\u00e7\u00e3o e de v\u00f4o\" \/>\n<meta property=\"og:description\" content=\"Para mais informa\u00e7\u00f5es sobre SIMULADORES, ou est\u00e1 interessado em alugar para o seu dia de educa\u00e7\u00e3o do motorista, ou outros eventos (feiras, conven\u00e7\u00f5es, festas infantis e incentivos da empresa, etc &#8230;), entre em contato no ARISOFT o Tf:. +34 910 [&hellip;]\" \/>\n<meta property=\"og:url\" content=\"https:\/\/www.aluguerdesimuladores.com\/blog\/detalhes-de-contato-para-alugar-simuladores\/\" \/>\n<meta property=\"og:site_name\" content=\"Aluguer de Simuladores de condu\u00e7\u00e3o e de v\u00f4o\" \/>\n<meta property=\"article:modified_time\" content=\"2023-12-27T12:17:42+00:00\" \/>\n<meta name=\"twitter:card\" content=\"summary_large_image\" \/>\n<meta name=\"twitter:label1\" content=\"Tiempo de lectura\" \/>\n\t<meta name=\"twitter:data1\" content=\"1 minuto\" \/>\n<script type=\"application\/ld+json\" class=\"yoast-schema-graph\">{\"@context\":\"https:\/\/schema.org\",\"@graph\":[{\"@type\":\"WebPage\",\"@id\":\"https:\/\/www.aluguerdesimuladores.com\/blog\/detalhes-de-contato-para-alugar-simuladores\/\",\"url\":\"https:\/\/www.aluguerdesimuladores.com\/blog\/detalhes-de-contato-para-alugar-simuladores\/\",\"name\":\"Contato - Aluguer de Simuladores de condu\u00e7\u00e3o e de v\u00f4o\",\"isPartOf\":{\"@id\":\"https:\/\/www.aluguerdesimuladores.com\/blog\/#website\"},\"datePublished\":\"2011-07-07T15:00:14+00:00\",\"dateModified\":\"2023-12-27T12:17:42+00:00\",\"breadcrumb\":{\"@id\":\"https:\/\/www.aluguerdesimuladores.com\/blog\/detalhes-de-contato-para-alugar-simuladores\/#breadcrumb\"},\"inLanguage\":\"es\",\"potentialAction\":[{\"@type\":\"ReadAction\",\"target\":[\"https:\/\/www.aluguerdesimuladores.com\/blog\/detalhes-de-contato-para-alugar-simuladores\/\"]}]},{\"@type\":\"BreadcrumbList\",\"@id\":\"https:\/\/www.aluguerdesimuladores.com\/blog\/detalhes-de-contato-para-alugar-simuladores\/#breadcrumb\",\"itemListElement\":[{\"@type\":\"ListItem\",\"position\":1,\"name\":\"Portada\",\"item\":\"https:\/\/www.aluguerdesimuladores.com\/blog\/\"},{\"@type\":\"ListItem\",\"position\":2,\"name\":\"Contato\"}]},{\"@type\":\"WebSite\",\"@id\":\"https:\/\/www.aluguerdesimuladores.com\/blog\/#website\",\"url\":\"https:\/\/www.aluguerdesimuladores.com\/blog\/\",\"name\":\"Aluguer de Simuladores de condu\u00e7\u00e3o e de v\u00f4o\",\"description\":\"Aluguer de Simuladores de condu\u00e7\u00e3o\",\"potentialAction\":[{\"@type\":\"SearchAction\",\"target\":{\"@type\":\"EntryPoint\",\"urlTemplate\":\"https:\/\/www.aluguerdesimuladores.com\/blog\/?s={search_term_string}\"},\"query-input\":\"required name=search_term_string\"}],\"inLanguage\":\"es\"}]}<\/script>\n<!-- \/ Yoast SEO plugin. -->","yoast_head_json":{"title":"Contato - Aluguer de Simuladores de condu\u00e7\u00e3o e de v\u00f4o","robots":{"index":"index","follow":"follow","max-snippet":"max-snippet:-1","max-image-preview":"max-image-preview:large","max-video-preview":"max-video-preview:-1"},"canonical":"https:\/\/www.aluguerdesimuladores.com\/blog\/detalhes-de-contato-para-alugar-simuladores\/","og_locale":"es_ES","og_type":"article","og_title":"Contato - Aluguer de Simuladores de condu\u00e7\u00e3o e de v\u00f4o","og_description":"Para mais informa\u00e7\u00f5es sobre SIMULADORES, ou est\u00e1 interessado em alugar para o seu dia de educa\u00e7\u00e3o do motorista, ou outros eventos (feiras, conven\u00e7\u00f5es, festas infantis e incentivos da empresa, etc &#8230;), entre em contato no ARISOFT o Tf:. +34 910 [&hellip;]","og_url":"https:\/\/www.aluguerdesimuladores.com\/blog\/detalhes-de-contato-para-alugar-simuladores\/","og_site_name":"Aluguer de Simuladores de condu\u00e7\u00e3o e de v\u00f4o","article_modified_time":"2023-12-27T12:17:42+00:00","twitter_card":"summary_large_image","twitter_misc":{"Tiempo de lectura":"1 minuto"},"schema":{"@context":"https:\/\/schema.org","@graph":[{"@type":"WebPage","@id":"https:\/\/www.aluguerdesimuladores.com\/blog\/detalhes-de-contato-para-alugar-simuladores\/","url":"https:\/\/www.aluguerdesimuladores.com\/blog\/detalhes-de-contato-para-alugar-simuladores\/","name":"Contato - Aluguer de Simuladores de condu\u00e7\u00e3o e de v\u00f4o","isPartOf":{"@id":"https:\/\/www.aluguerdesimuladores.com\/blog\/#website"},"datePublished":"2011-07-07T15:00:14+00:00","dateModified":"2023-12-27T12:17:42+00:00","breadcrumb":{"@id":"https:\/\/www.aluguerdesimuladores.com\/blog\/detalhes-de-contato-para-alugar-simuladores\/#breadcrumb"},"inLanguage":"es","potentialAction":[{"@type":"ReadAction","target":["https:\/\/www.aluguerdesimuladores.com\/blog\/detalhes-de-contato-para-alugar-simuladores\/"]}]},{"@type":"BreadcrumbList","@id":"https:\/\/www.aluguerdesimuladores.com\/blog\/detalhes-de-contato-para-alugar-simuladores\/#breadcrumb","itemListElement":[{"@type":"ListItem","position":1,"name":"Portada","item":"https:\/\/www.aluguerdesimuladores.com\/blog\/"},{"@type":"ListItem","position":2,"name":"Contato"}]},{"@type":"WebSite","@id":"https:\/\/www.aluguerdesimuladores.com\/blog\/#website","url":"https:\/\/www.aluguerdesimuladores.com\/blog\/","name":"Aluguer de Simuladores de condu\u00e7\u00e3o e de v\u00f4o","description":"Aluguer de Simuladores de condu\u00e7\u00e3o","potentialAction":[{"@type":"SearchAction","target":{"@type":"EntryPoint","urlTemplate":"https:\/\/www.aluguerdesimuladores.com\/blog\/?s={search_term_string}"},"query-input":"required name=search_term_string"}],"inLanguage":"es"}]}},"_links":{"self":[{"href":"https:\/\/www.aluguerdesimuladores.com\/blog\/wp-json\/wp\/v2\/pages\/47"}],"collection":[{"href":"https:\/\/www.aluguerdesimuladores.com\/blog\/wp-json\/wp\/v2\/pages"}],"about":[{"href":"https:\/\/www.aluguerdesimuladores.com\/blog\/wp-json\/wp\/v2\/types\/page"}],"author":[{"embeddable":true,"href":"https:\/\/www.aluguerdesimuladores.com\/blog\/wp-json\/wp\/v2\/users\/1"}],"replies":[{"embeddable":true,"href":"https:\/\/www.aluguerdesimuladores.com\/blog\/wp-json\/wp\/v2\/comments?post=47"}],"version-history":[{"count":8,"href":"https:\/\/www.aluguerdesimuladores.com\/blog\/wp-json\/wp\/v2\/pages\/47\/revisions"}],"predecessor-version":[{"id":1797,"href":"https:\/\/www.aluguerdesimuladores.com\/blog\/wp-json\/wp\/v2\/pages\/47\/revisions\/1797"}],"wp:attachment":[{"href":"https:\/\/www.aluguerdesimuladores.com\/blog\/wp-json\/wp\/v2\/media?parent=47"}],"curies":[{"name":"wp","href":"https:\/\/api.w.org\/{rel}","templated":true}]}}