{"id":98,"date":"2016-02-16T14:42:40","date_gmt":"2016-02-16T14:42:40","guid":{"rendered":"http:\/\/demo.athemes.com\/astrid\/?page_id=98"},"modified":"2016-08-05T09:18:42","modified_gmt":"2016-08-05T09:18:42","slug":"simulador-de-carro-de-corrida-500rc","status":"publish","type":"page","link":"https:\/\/www.aluguerdesimuladores.com\/blog\/simulador-de-carro-de-corrida-500rc\/","title":{"rendered":"Simulador de carro de corrida 500RC"},"content":{"rendered":"<p align=\"justify\"><strong>Cockpit DRIVE SEAT 500RC + Volante G27 + Assento NSR<\/strong><\/p>\n<p align=\"justify\">O assento de condu\u00e7\u00e3o DRIVE SEAT 500RC \u00e9 direito de experimentar as sensa\u00e7\u00f5es que s\u00e3o obtidos em uma pista de velocidade.<\/p>\n<p align=\"justify\">Gra\u00e7as \u00e0 DRIVE SEAT 500RC da SEAT, os usu\u00e1rios de centros de lazer e salas de jogos t\u00eam divers\u00e3o garantida.<\/p>\n<p align=\"justify\">O realismo desta simuador desporto permitir que os utilizadores sentem os pneus derrapando em curvas e como ela desloca o peso do carro.<\/p>\n<p align=\"justify\">Medidas (aproximado): Comprimento: 1,60 m. Largura: 65 cm.<\/p>\n","protected":false},"excerpt":{"rendered":"<p>Cockpit DRIVE SEAT 500RC + Volante G27 + Assento NSR O assento de condu\u00e7\u00e3o DRIVE SEAT 500RC \u00e9 direito de experimentar as sensa\u00e7\u00f5es que s\u00e3o obtidos em uma pista de velocidade. Gra\u00e7as \u00e0 DRIVE SEAT 500RC da SEAT, os usu\u00e1rios [&hellip;]<\/p>\n","protected":false},"author":1,"featured_media":1581,"parent":0,"menu_order":2,"comment_status":"closed","ping_status":"closed","template":"page-templates\/single-project.php","meta":{"_monsterinsights_skip_tracking":false,"_monsterinsights_sitenote_active":false,"_monsterinsights_sitenote_note":"","_monsterinsights_sitenote_category":0,"footnotes":""},"yoast_head":"<!-- This site is optimized with the Yoast SEO plugin v21.7 - https:\/\/yoast.com\/wordpress\/plugins\/seo\/ -->\n<title>Simulador de coche de carreras - Alquiler de simuladores<\/title>\n<meta name=\"description\" content=\"Alquiler de simulador de coche de carreras para eventos, centros de formaci\u00f3n vial, cursos de prevenci\u00f3n de riesgos laborales o cualquier otro evento.\" \/>\n<meta name=\"robots\" content=\"index, follow, max-snippet:-1, max-image-preview:large, max-video-preview:-1\" \/>\n<link rel=\"canonical\" href=\"https:\/\/www.aluguerdesimuladores.com\/blog\/simulador-de-carro-de-corrida-500rc\/\" \/>\n<meta property=\"og:locale\" content=\"es_ES\" \/>\n<meta property=\"og:type\" content=\"article\" \/>\n<meta property=\"og:title\" content=\"Simulador de coche de carreras - Alquiler de simuladores\" \/>\n<meta property=\"og:description\" content=\"Alquiler de simulador de coche de carreras para eventos, centros de formaci\u00f3n vial, cursos de prevenci\u00f3n de riesgos laborales o cualquier otro evento.\" \/>\n<meta property=\"og:url\" content=\"https:\/\/www.aluguerdesimuladores.com\/blog\/simulador-de-carro-de-corrida-500rc\/\" \/>\n<meta property=\"og:site_name\" content=\"Aluguer de Simuladores de condu\u00e7\u00e3o e de v\u00f4o\" \/>\n<meta property=\"article:modified_time\" content=\"2016-08-05T09:18:42+00:00\" \/>\n<meta property=\"og:image\" content=\"https:\/\/www.aluguerdesimuladores.com\/blog\/wp-content\/uploads\/DRIVESEAT500RC-1-1.jpg\" \/>\n\t<meta property=\"og:image:width\" content=\"972\" \/>\n\t<meta property=\"og:image:height\" content=\"648\" \/>\n\t<meta property=\"og:image:type\" content=\"image\/jpeg\" \/>\n<meta name=\"twitter:card\" content=\"summary_large_image\" \/>\n<script type=\"application\/ld+json\" class=\"yoast-schema-graph\">{\"@context\":\"https:\/\/schema.org\",\"@graph\":[{\"@type\":\"WebPage\",\"@id\":\"https:\/\/www.aluguerdesimuladores.com\/blog\/simulador-de-carro-de-corrida-500rc\/\",\"url\":\"https:\/\/www.aluguerdesimuladores.com\/blog\/simulador-de-carro-de-corrida-500rc\/\",\"name\":\"Simulador de coche de carreras - Alquiler de simuladores\",\"isPartOf\":{\"@id\":\"https:\/\/www.aluguerdesimuladores.com\/blog\/#website\"},\"datePublished\":\"2016-02-16T14:42:40+00:00\",\"dateModified\":\"2016-08-05T09:18:42+00:00\",\"description\":\"Alquiler de simulador de coche de carreras para eventos, centros de formaci\u00f3n vial, cursos de prevenci\u00f3n de riesgos laborales o cualquier otro evento.\",\"breadcrumb\":{\"@id\":\"https:\/\/www.aluguerdesimuladores.com\/blog\/simulador-de-carro-de-corrida-500rc\/#breadcrumb\"},\"inLanguage\":\"es\",\"potentialAction\":[{\"@type\":\"ReadAction\",\"target\":[\"https:\/\/www.aluguerdesimuladores.com\/blog\/simulador-de-carro-de-corrida-500rc\/\"]}]},{\"@type\":\"BreadcrumbList\",\"@id\":\"https:\/\/www.aluguerdesimuladores.com\/blog\/simulador-de-carro-de-corrida-500rc\/#breadcrumb\",\"itemListElement\":[{\"@type\":\"ListItem\",\"position\":1,\"name\":\"Portada\",\"item\":\"https:\/\/www.aluguerdesimuladores.com\/blog\/\"},{\"@type\":\"ListItem\",\"position\":2,\"name\":\"Simulador de carro de corrida 500RC\"}]},{\"@type\":\"WebSite\",\"@id\":\"https:\/\/www.aluguerdesimuladores.com\/blog\/#website\",\"url\":\"https:\/\/www.aluguerdesimuladores.com\/blog\/\",\"name\":\"Aluguer de Simuladores de condu\u00e7\u00e3o e de v\u00f4o\",\"description\":\"Aluguer de Simuladores de condu\u00e7\u00e3o\",\"potentialAction\":[{\"@type\":\"SearchAction\",\"target\":{\"@type\":\"EntryPoint\",\"urlTemplate\":\"https:\/\/www.aluguerdesimuladores.com\/blog\/?s={search_term_string}\"},\"query-input\":\"required name=search_term_string\"}],\"inLanguage\":\"es\"}]}<\/script>\n<!-- \/ Yoast SEO plugin. -->","yoast_head_json":{"title":"Simulador de coche de carreras - Alquiler de simuladores","description":"Alquiler de simulador de coche de carreras para eventos, centros de formaci\u00f3n vial, cursos de prevenci\u00f3n de riesgos laborales o cualquier otro evento.","robots":{"index":"index","follow":"follow","max-snippet":"max-snippet:-1","max-image-preview":"max-image-preview:large","max-video-preview":"max-video-preview:-1"},"canonical":"https:\/\/www.aluguerdesimuladores.com\/blog\/simulador-de-carro-de-corrida-500rc\/","og_locale":"es_ES","og_type":"article","og_title":"Simulador de coche de carreras - Alquiler de simuladores","og_description":"Alquiler de simulador de coche de carreras para eventos, centros de formaci\u00f3n vial, cursos de prevenci\u00f3n de riesgos laborales o cualquier otro evento.","og_url":"https:\/\/www.aluguerdesimuladores.com\/blog\/simulador-de-carro-de-corrida-500rc\/","og_site_name":"Aluguer de Simuladores de condu\u00e7\u00e3o e de v\u00f4o","article_modified_time":"2016-08-05T09:18:42+00:00","og_image":[{"width":972,"height":648,"url":"https:\/\/www.aluguerdesimuladores.com\/blog\/wp-content\/uploads\/DRIVESEAT500RC-1-1.jpg","type":"image\/jpeg"}],"twitter_card":"summary_large_image","schema":{"@context":"https:\/\/schema.org","@graph":[{"@type":"WebPage","@id":"https:\/\/www.aluguerdesimuladores.com\/blog\/simulador-de-carro-de-corrida-500rc\/","url":"https:\/\/www.aluguerdesimuladores.com\/blog\/simulador-de-carro-de-corrida-500rc\/","name":"Simulador de coche de carreras - Alquiler de simuladores","isPartOf":{"@id":"https:\/\/www.aluguerdesimuladores.com\/blog\/#website"},"datePublished":"2016-02-16T14:42:40+00:00","dateModified":"2016-08-05T09:18:42+00:00","description":"Alquiler de simulador de coche de carreras para eventos, centros de formaci\u00f3n vial, cursos de prevenci\u00f3n de riesgos laborales o cualquier otro evento.","breadcrumb":{"@id":"https:\/\/www.aluguerdesimuladores.com\/blog\/simulador-de-carro-de-corrida-500rc\/#breadcrumb"},"inLanguage":"es","potentialAction":[{"@type":"ReadAction","target":["https:\/\/www.aluguerdesimuladores.com\/blog\/simulador-de-carro-de-corrida-500rc\/"]}]},{"@type":"BreadcrumbList","@id":"https:\/\/www.aluguerdesimuladores.com\/blog\/simulador-de-carro-de-corrida-500rc\/#breadcrumb","itemListElement":[{"@type":"ListItem","position":1,"name":"Portada","item":"https:\/\/www.aluguerdesimuladores.com\/blog\/"},{"@type":"ListItem","position":2,"name":"Simulador de carro de corrida 500RC"}]},{"@type":"WebSite","@id":"https:\/\/www.aluguerdesimuladores.com\/blog\/#website","url":"https:\/\/www.aluguerdesimuladores.com\/blog\/","name":"Aluguer de Simuladores de condu\u00e7\u00e3o e de v\u00f4o","description":"Aluguer de Simuladores de condu\u00e7\u00e3o","potentialAction":[{"@type":"SearchAction","target":{"@type":"EntryPoint","urlTemplate":"https:\/\/www.aluguerdesimuladores.com\/blog\/?s={search_term_string}"},"query-input":"required name=search_term_string"}],"inLanguage":"es"}]}},"_links":{"self":[{"href":"https:\/\/www.aluguerdesimuladores.com\/blog\/wp-json\/wp\/v2\/pages\/98"}],"collection":[{"href":"https:\/\/www.aluguerdesimuladores.com\/blog\/wp-json\/wp\/v2\/pages"}],"about":[{"href":"https:\/\/www.aluguerdesimuladores.com\/blog\/wp-json\/wp\/v2\/types\/page"}],"author":[{"embeddable":true,"href":"https:\/\/www.aluguerdesimuladores.com\/blog\/wp-json\/wp\/v2\/users\/1"}],"replies":[{"embeddable":true,"href":"https:\/\/www.aluguerdesimuladores.com\/blog\/wp-json\/wp\/v2\/comments?post=98"}],"version-history":[{"count":2,"href":"https:\/\/www.aluguerdesimuladores.com\/blog\/wp-json\/wp\/v2\/pages\/98\/revisions"}],"predecessor-version":[{"id":1694,"href":"https:\/\/www.aluguerdesimuladores.com\/blog\/wp-json\/wp\/v2\/pages\/98\/revisions\/1694"}],"wp:featuredmedia":[{"embeddable":true,"href":"https:\/\/www.aluguerdesimuladores.com\/blog\/wp-json\/wp\/v2\/media\/1581"}],"wp:attachment":[{"href":"https:\/\/www.aluguerdesimuladores.com\/blog\/wp-json\/wp\/v2\/media?parent=98"}],"curies":[{"name":"wp","href":"https:\/\/api.w.org\/{rel}","templated":true}]}}